{"id":30865,"date":"2020-07-17T10:24:15","date_gmt":"2020-07-17T08:24:15","guid":{"rendered":"https:\/\/www.coquard.fr\/produit\/dem-6-2-doses-lyophilise"},"modified":"2026-01-08T14:23:53","modified_gmt":"2026-01-08T13:23:53","slug":"dem-6-2-doses-lyophilise","status":"publish","type":"product","link":"https:\/\/www.coquard.fr\/es\/produit\/dem-6-2-doses-lyophilise","title":{"rendered":"DEM 6 &#8211; 2 DOSIS LIOFILIZADO"},"content":{"rendered":"<p>Gama CSL, fermento l\u00e1ctico mes\u00f3filo liofilizado heterofermentativo. Composici\u00f3n: Lactococcus lactis ssp. Lactis, Lactococcus lactis cremoris, Lactococcus lactis diacetylactis, Leuconostoc mesenteroides cremoris. Uso: pasta prensada, pasta blanda, queso fresco y gel l\u00e1ctico. Dosificaci\u00f3n recomendada: 1 bolsita de 2 dosis permite sembrar de 500 a 1000 litros de leche. Vendido por bolsita.<\/p>\n","protected":false},"excerpt":{"rendered":"<p>30865<\/p>\n","protected":false},"featured_media":21017,"comment_status":"closed","ping_status":"closed","template":"","meta":{"_acf_changed":false},"product_brand":[],"product_cat":[1555],"product_tag":[],"class_list":{"0":"post-30865","1":"product","2":"type-product","3":"status-publish","4":"has-post-thumbnail","6":"product_cat-fermentos-lacticos-y-de-maduracion-csl","8":"first","9":"instock","10":"taxable","11":"shipping-taxable","12":"purchasable","13":"product-type-simple"},"acf":[],"_links":{"self":[{"href":"https:\/\/www.coquard.fr\/es\/wp-json\/wp\/v2\/product\/30865","targetHints":{"allow":["GET"]}}],"collection":[{"href":"https:\/\/www.coquard.fr\/es\/wp-json\/wp\/v2\/product"}],"about":[{"href":"https:\/\/www.coquard.fr\/es\/wp-json\/wp\/v2\/types\/product"}],"replies":[{"embeddable":true,"href":"https:\/\/www.coquard.fr\/es\/wp-json\/wp\/v2\/comments?post=30865"}],"wp:featuredmedia":[{"embeddable":true,"href":"https:\/\/www.coquard.fr\/es\/wp-json\/wp\/v2\/media\/21017"}],"wp:attachment":[{"href":"https:\/\/www.coquard.fr\/es\/wp-json\/wp\/v2\/media?parent=30865"}],"wp:term":[{"taxonomy":"product_brand","embeddable":true,"href":"https:\/\/www.coquard.fr\/es\/wp-json\/wp\/v2\/product_brand?post=30865"},{"taxonomy":"product_cat","embeddable":true,"href":"https:\/\/www.coquard.fr\/es\/wp-json\/wp\/v2\/product_cat?post=30865"},{"taxonomy":"product_tag","embeddable":true,"href":"https:\/\/www.coquard.fr\/es\/wp-json\/wp\/v2\/product_tag?post=30865"}],"curies":[{"name":"wp","href":"https:\/\/api.w.org\/{rel}","templated":true}]}}