{"id":30853,"date":"2020-07-17T10:23:57","date_gmt":"2020-07-17T08:23:57","guid":{"rendered":"https:\/\/www.coquard.fr\/produit\/geotrichum-geo-cb-10-u-liquide"},"modified":"2026-01-08T14:23:20","modified_gmt":"2026-01-08T13:23:20","slug":"geotrichum-geo-cb-10-u-liquide","status":"publish","type":"product","link":"https:\/\/www.coquard.fr\/es\/produit\/geotrichum-geo-cb-10-u-liquide","title":{"rendered":"GEOTRICHUM GEO CB 10 U LIQUIDO"},"content":{"rendered":"<p>Gama Hansen, Geotrichum candidum, fermento de maduraci\u00f3n l\u00edquido. Aspecto del queso: levuriforme. Dosificaci\u00f3n 1 a 2 U para 1000 litros o 100 kg de queso. Frasco de 10 U. Conservaci\u00f3n en la nevera de 6 a 12 semanas.<\/p>\n","protected":false},"excerpt":{"rendered":"<p>30853<\/p>\n","protected":false},"featured_media":21008,"comment_status":"closed","ping_status":"closed","template":"","meta":{"_acf_changed":false},"product_brand":[],"product_cat":[1553],"product_tag":[],"class_list":{"0":"post-30853","1":"product","2":"type-product","3":"status-publish","4":"has-post-thumbnail","6":"product_cat-fermentos-lacticos-y-de-maduracion-chr-hansen","8":"first","9":"instock","10":"taxable","11":"shipping-taxable","12":"purchasable","13":"product-type-simple"},"acf":[],"_links":{"self":[{"href":"https:\/\/www.coquard.fr\/es\/wp-json\/wp\/v2\/product\/30853","targetHints":{"allow":["GET"]}}],"collection":[{"href":"https:\/\/www.coquard.fr\/es\/wp-json\/wp\/v2\/product"}],"about":[{"href":"https:\/\/www.coquard.fr\/es\/wp-json\/wp\/v2\/types\/product"}],"replies":[{"embeddable":true,"href":"https:\/\/www.coquard.fr\/es\/wp-json\/wp\/v2\/comments?post=30853"}],"wp:featuredmedia":[{"embeddable":true,"href":"https:\/\/www.coquard.fr\/es\/wp-json\/wp\/v2\/media\/21008"}],"wp:attachment":[{"href":"https:\/\/www.coquard.fr\/es\/wp-json\/wp\/v2\/media?parent=30853"}],"wp:term":[{"taxonomy":"product_brand","embeddable":true,"href":"https:\/\/www.coquard.fr\/es\/wp-json\/wp\/v2\/product_brand?post=30853"},{"taxonomy":"product_cat","embeddable":true,"href":"https:\/\/www.coquard.fr\/es\/wp-json\/wp\/v2\/product_cat?post=30853"},{"taxonomy":"product_tag","embeddable":true,"href":"https:\/\/www.coquard.fr\/es\/wp-json\/wp\/v2\/product_tag?post=30853"}],"curies":[{"name":"wp","href":"https:\/\/api.w.org\/{rel}","templated":true}]}}