{"id":30843,"date":"2020-07-17T10:23:43","date_gmt":"2020-07-17T08:23:43","guid":{"rendered":"https:\/\/www.coquard.fr\/produit\/sigma-95-p-lyophilise"},"modified":"2026-04-24T21:25:34","modified_gmt":"2026-04-24T19:25:34","slug":"sigma-95-p-lyophilise","status":"publish","type":"product","link":"https:\/\/www.coquard.fr\/es\/produit\/sigma-95-p-lyophilise","title":{"rendered":"SIGMA 95 P &#8211; LIOFILIZADO"},"content":{"rendered":"<p>Asociaci\u00f3n de Kluy-marxianus, Debaryomyces hansenii y de Staphylococcus xylosus. Fermento de maduraci\u00f3n liofilizado utilizado para las elaboraciones de P\u00e9rail y los quesos de peque\u00f1os formatos. Conservaci\u00f3n en congelador durante 2 a\u00f1os. Una dosis es apta para 250 a 500 litros de leche. Tarifa por dosis. Descuento cuantitativo por 60 o 120 tubos.<\/p>\n","protected":false},"excerpt":{"rendered":"<p>30843<\/p>\n","protected":false},"featured_media":21254,"comment_status":"closed","ping_status":"closed","template":"","meta":{"_acf_changed":false},"product_brand":[],"product_cat":[1549],"product_tag":[],"class_list":{"0":"post-30843","1":"product","2":"type-product","3":"status-publish","4":"has-post-thumbnail","6":"product_cat-fermentos-de-maduracion-coquard","8":"first","9":"instock","10":"taxable","11":"shipping-taxable","12":"purchasable","13":"product-type-simple"},"acf":[],"_links":{"self":[{"href":"https:\/\/www.coquard.fr\/es\/wp-json\/wp\/v2\/product\/30843","targetHints":{"allow":["GET"]}}],"collection":[{"href":"https:\/\/www.coquard.fr\/es\/wp-json\/wp\/v2\/product"}],"about":[{"href":"https:\/\/www.coquard.fr\/es\/wp-json\/wp\/v2\/types\/product"}],"replies":[{"embeddable":true,"href":"https:\/\/www.coquard.fr\/es\/wp-json\/wp\/v2\/comments?post=30843"}],"wp:featuredmedia":[{"embeddable":true,"href":"https:\/\/www.coquard.fr\/es\/wp-json\/wp\/v2\/media\/21254"}],"wp:attachment":[{"href":"https:\/\/www.coquard.fr\/es\/wp-json\/wp\/v2\/media?parent=30843"}],"wp:term":[{"taxonomy":"product_brand","embeddable":true,"href":"https:\/\/www.coquard.fr\/es\/wp-json\/wp\/v2\/product_brand?post=30843"},{"taxonomy":"product_cat","embeddable":true,"href":"https:\/\/www.coquard.fr\/es\/wp-json\/wp\/v2\/product_cat?post=30843"},{"taxonomy":"product_tag","embeddable":true,"href":"https:\/\/www.coquard.fr\/es\/wp-json\/wp\/v2\/product_tag?post=30843"}],"curies":[{"name":"wp","href":"https:\/\/api.w.org\/{rel}","templated":true}]}}