{"id":30841,"date":"2020-07-17T10:23:41","date_gmt":"2020-07-17T08:23:41","guid":{"rendered":"https:\/\/www.coquard.fr\/produit\/sigma-94-liquide"},"modified":"2026-04-24T21:23:20","modified_gmt":"2026-04-24T19:23:20","slug":"sigma-94-liquide","status":"publish","type":"product","link":"https:\/\/www.coquard.fr\/es\/produit\/sigma-94-liquide","title":{"rendered":"SIGMA 94 &#8211; LIQUIDO"},"content":{"rendered":"<p>Asociaci\u00f3n de Geotrichum candidum y de levaduras. Fermento de maduraci\u00f3n l\u00edquido destinado a toda clase de pastas blandas y gel l\u00e1ctico. Act\u00faa muy bien contra el azul y el Mucor. Conservaci\u00f3n en la nevera de 6 a 12 semanas. Una dosis es apta para 500 litros de leche. Tarifa por dosis. Descuento cuantitativo por 60 o 120 tubos.<\/p>\n","protected":false},"excerpt":{"rendered":"<p>30841<\/p>\n","protected":false},"featured_media":20999,"comment_status":"closed","ping_status":"closed","template":"","meta":{"_acf_changed":false},"product_brand":[],"product_cat":[1549],"product_tag":[],"class_list":{"0":"post-30841","1":"product","2":"type-product","3":"status-publish","4":"has-post-thumbnail","6":"product_cat-fermentos-de-maduracion-coquard","8":"first","9":"instock","10":"taxable","11":"shipping-taxable","12":"purchasable","13":"product-type-simple"},"acf":[],"_links":{"self":[{"href":"https:\/\/www.coquard.fr\/es\/wp-json\/wp\/v2\/product\/30841","targetHints":{"allow":["GET"]}}],"collection":[{"href":"https:\/\/www.coquard.fr\/es\/wp-json\/wp\/v2\/product"}],"about":[{"href":"https:\/\/www.coquard.fr\/es\/wp-json\/wp\/v2\/types\/product"}],"replies":[{"embeddable":true,"href":"https:\/\/www.coquard.fr\/es\/wp-json\/wp\/v2\/comments?post=30841"}],"wp:featuredmedia":[{"embeddable":true,"href":"https:\/\/www.coquard.fr\/es\/wp-json\/wp\/v2\/media\/20999"}],"wp:attachment":[{"href":"https:\/\/www.coquard.fr\/es\/wp-json\/wp\/v2\/media?parent=30841"}],"wp:term":[{"taxonomy":"product_brand","embeddable":true,"href":"https:\/\/www.coquard.fr\/es\/wp-json\/wp\/v2\/product_brand?post=30841"},{"taxonomy":"product_cat","embeddable":true,"href":"https:\/\/www.coquard.fr\/es\/wp-json\/wp\/v2\/product_cat?post=30841"},{"taxonomy":"product_tag","embeddable":true,"href":"https:\/\/www.coquard.fr\/es\/wp-json\/wp\/v2\/product_tag?post=30841"}],"curies":[{"name":"wp","href":"https:\/\/api.w.org\/{rel}","templated":true}]}}