{"id":30833,"date":"2020-07-17T10:23:31","date_gmt":"2020-07-17T08:23:31","guid":{"rendered":"https:\/\/www.coquard.fr\/produit\/sigma-71-lyophilise"},"modified":"2026-04-04T21:10:06","modified_gmt":"2026-04-04T19:10:06","slug":"sigma-71-lyophilise","status":"publish","type":"product","link":"https:\/\/www.coquard.fr\/es\/produit\/sigma-71-lyophilise","title":{"rendered":"SIGMA 71 &#8211; LIOFILIZADO"},"content":{"rendered":"<p>Penicillium candidum, fermento de maduraci\u00f3n liofilizado, cepa tradicional, crecimiento medio. Cobertura muy blanca y lisa. Poco proteol\u00edtica. Uso: toda clase de pastas blandas, productos poco caracter\u00edsticos para peque\u00f1os formatos. Conservaci\u00f3n en congelador durante 2 a\u00f1os. Una dosis es apta para 250 a 500 litros de leche. Tarifa por dosis. Descuento cuantitativo por 60 o 120 tubos.<\/p>\n","protected":false},"excerpt":{"rendered":"<p>30833<\/p>\n","protected":false},"featured_media":20993,"comment_status":"closed","ping_status":"closed","template":"","meta":{"_acf_changed":false},"product_brand":[],"product_cat":[1549],"product_tag":[],"class_list":{"0":"post-30833","1":"product","2":"type-product","3":"status-publish","4":"has-post-thumbnail","6":"product_cat-fermentos-de-maduracion-coquard","8":"first","9":"instock","10":"taxable","11":"shipping-taxable","12":"purchasable","13":"product-type-simple"},"acf":[],"_links":{"self":[{"href":"https:\/\/www.coquard.fr\/es\/wp-json\/wp\/v2\/product\/30833","targetHints":{"allow":["GET"]}}],"collection":[{"href":"https:\/\/www.coquard.fr\/es\/wp-json\/wp\/v2\/product"}],"about":[{"href":"https:\/\/www.coquard.fr\/es\/wp-json\/wp\/v2\/types\/product"}],"replies":[{"embeddable":true,"href":"https:\/\/www.coquard.fr\/es\/wp-json\/wp\/v2\/comments?post=30833"}],"wp:featuredmedia":[{"embeddable":true,"href":"https:\/\/www.coquard.fr\/es\/wp-json\/wp\/v2\/media\/20993"}],"wp:attachment":[{"href":"https:\/\/www.coquard.fr\/es\/wp-json\/wp\/v2\/media?parent=30833"}],"wp:term":[{"taxonomy":"product_brand","embeddable":true,"href":"https:\/\/www.coquard.fr\/es\/wp-json\/wp\/v2\/product_brand?post=30833"},{"taxonomy":"product_cat","embeddable":true,"href":"https:\/\/www.coquard.fr\/es\/wp-json\/wp\/v2\/product_cat?post=30833"},{"taxonomy":"product_tag","embeddable":true,"href":"https:\/\/www.coquard.fr\/es\/wp-json\/wp\/v2\/product_tag?post=30833"}],"curies":[{"name":"wp","href":"https:\/\/api.w.org\/{rel}","templated":true}]}}