{"id":30817,"date":"2020-07-17T10:23:09","date_gmt":"2020-07-17T08:23:09","guid":{"rendered":"https:\/\/www.coquard.fr\/produit\/sigma-52-liquide"},"modified":"2026-04-17T21:00:46","modified_gmt":"2026-04-17T19:00:46","slug":"sigma-52-liquide","status":"publish","type":"product","link":"https:\/\/www.coquard.fr\/es\/produit\/sigma-52-liquide","title":{"rendered":"SIGMA 52 &#8211; LIQUIDO"},"content":{"rendered":"<p>Geotrichum candidum, fermento de maduraci\u00f3n l\u00edquido, levadura mixta, cepa que soporta m\u00e1s la sal. Proporciona una cobertura blanca, lisa y no granulosa. Posee una muy buena actividad anti-Mucor. V\u00e1lido para cortezas mixtas de tipo Saint Nectaire, Reblochon. Conservaci\u00f3n en la nevera durante 6 a 12 semanas. Una dosis es apta para 500 litros de leche. Tarifa por dosis. Descuento cuantitativo por 60 o 120 tubos.<\/p>\n","protected":false},"excerpt":{"rendered":"<p>30817<\/p>\n","protected":false},"featured_media":20981,"comment_status":"closed","ping_status":"closed","template":"","meta":{"_acf_changed":false},"product_brand":[],"product_cat":[1549],"product_tag":[],"class_list":{"0":"post-30817","1":"product","2":"type-product","3":"status-publish","4":"has-post-thumbnail","6":"product_cat-fermentos-de-maduracion-coquard","8":"first","9":"instock","10":"taxable","11":"shipping-taxable","12":"purchasable","13":"product-type-simple"},"acf":[],"_links":{"self":[{"href":"https:\/\/www.coquard.fr\/es\/wp-json\/wp\/v2\/product\/30817","targetHints":{"allow":["GET"]}}],"collection":[{"href":"https:\/\/www.coquard.fr\/es\/wp-json\/wp\/v2\/product"}],"about":[{"href":"https:\/\/www.coquard.fr\/es\/wp-json\/wp\/v2\/types\/product"}],"replies":[{"embeddable":true,"href":"https:\/\/www.coquard.fr\/es\/wp-json\/wp\/v2\/comments?post=30817"}],"wp:featuredmedia":[{"embeddable":true,"href":"https:\/\/www.coquard.fr\/es\/wp-json\/wp\/v2\/media\/20981"}],"wp:attachment":[{"href":"https:\/\/www.coquard.fr\/es\/wp-json\/wp\/v2\/media?parent=30817"}],"wp:term":[{"taxonomy":"product_brand","embeddable":true,"href":"https:\/\/www.coquard.fr\/es\/wp-json\/wp\/v2\/product_brand?post=30817"},{"taxonomy":"product_cat","embeddable":true,"href":"https:\/\/www.coquard.fr\/es\/wp-json\/wp\/v2\/product_cat?post=30817"},{"taxonomy":"product_tag","embeddable":true,"href":"https:\/\/www.coquard.fr\/es\/wp-json\/wp\/v2\/product_tag?post=30817"}],"curies":[{"name":"wp","href":"https:\/\/api.w.org\/{rel}","templated":true}]}}