{"id":30811,"date":"2020-07-17T10:23:01","date_gmt":"2020-07-17T08:23:01","guid":{"rendered":"https:\/\/www.coquard.fr\/produit\/sigma-41-lyophilise"},"modified":"2026-04-17T00:13:28","modified_gmt":"2026-04-16T22:13:28","slug":"sigma-41-lyophilise","status":"publish","type":"product","link":"https:\/\/www.coquard.fr\/es\/produit\/sigma-41-lyophilise","title":{"rendered":"SIGMA 41 &#8211; LIOFILIZADO"},"content":{"rendered":"<p>Penicillium nalgiovensis, fermento de maduraci\u00f3n liofilizado, moho blanco utilizado para la elaboraci\u00f3n de pasta prensada. Se adhiere al queso, limita el desarrollo de Mucor. Conservaci\u00f3n en congelador durante 2 a\u00f1os. Una dosis es apta para 500 litros de leche. Tarifa por dosis. Descuento cuantitativo por 60 o 120 tubos.<\/p>\n","protected":false},"excerpt":{"rendered":"<p>30811<\/p>\n","protected":false},"featured_media":21242,"comment_status":"closed","ping_status":"closed","template":"","meta":{"_acf_changed":false},"product_brand":[],"product_cat":[1549],"product_tag":[],"class_list":{"0":"post-30811","1":"product","2":"type-product","3":"status-publish","4":"has-post-thumbnail","6":"product_cat-fermentos-de-maduracion-coquard","8":"first","9":"instock","10":"taxable","11":"shipping-taxable","12":"purchasable","13":"product-type-simple"},"acf":[],"_links":{"self":[{"href":"https:\/\/www.coquard.fr\/es\/wp-json\/wp\/v2\/product\/30811","targetHints":{"allow":["GET"]}}],"collection":[{"href":"https:\/\/www.coquard.fr\/es\/wp-json\/wp\/v2\/product"}],"about":[{"href":"https:\/\/www.coquard.fr\/es\/wp-json\/wp\/v2\/types\/product"}],"replies":[{"embeddable":true,"href":"https:\/\/www.coquard.fr\/es\/wp-json\/wp\/v2\/comments?post=30811"}],"wp:featuredmedia":[{"embeddable":true,"href":"https:\/\/www.coquard.fr\/es\/wp-json\/wp\/v2\/media\/21242"}],"wp:attachment":[{"href":"https:\/\/www.coquard.fr\/es\/wp-json\/wp\/v2\/media?parent=30811"}],"wp:term":[{"taxonomy":"product_brand","embeddable":true,"href":"https:\/\/www.coquard.fr\/es\/wp-json\/wp\/v2\/product_brand?post=30811"},{"taxonomy":"product_cat","embeddable":true,"href":"https:\/\/www.coquard.fr\/es\/wp-json\/wp\/v2\/product_cat?post=30811"},{"taxonomy":"product_tag","embeddable":true,"href":"https:\/\/www.coquard.fr\/es\/wp-json\/wp\/v2\/product_tag?post=30811"}],"curies":[{"name":"wp","href":"https:\/\/api.w.org\/{rel}","templated":true}]}}