{"id":30799,"date":"2020-07-17T10:22:44","date_gmt":"2020-07-17T08:22:44","guid":{"rendered":"https:\/\/www.coquard.fr\/produit\/sigma-21-liquide"},"modified":"2026-04-06T21:08:01","modified_gmt":"2026-04-06T19:08:01","slug":"sigma-21-liquide","status":"publish","type":"product","link":"https:\/\/www.coquard.fr\/es\/produit\/sigma-21-liquide","title":{"rendered":"SIGMA 21 &#8211; LIQUIDO"},"content":{"rendered":"<p>Debaryomyces hansenii, fermento de maduraci\u00f3n l\u00edquido, levadura que se desarrolla en superficie. Muy neutralizante. Puede utilizarse con Brevibacterium linens. Produce aromas y combate eficazmente el Mucor. Esta levadura puede resultar \u00fatil en pasta azul, gel enzim\u00e1tico y gel l\u00e1ctico. Conservaci\u00f3n en la nevera durante 6 a 12 semanas. Una dosis es apta para 500 litros de leche. Tarifa por dosis. Descuento cuantitativo por 60 o 120 tubos.<\/p>\n","protected":false},"excerpt":{"rendered":"<p>30799<\/p>\n","protected":false},"featured_media":21467,"comment_status":"closed","ping_status":"closed","template":"","meta":{"_acf_changed":false},"product_brand":[],"product_cat":[1549],"product_tag":[],"class_list":{"0":"post-30799","1":"product","2":"type-product","3":"status-publish","4":"has-post-thumbnail","6":"product_cat-fermentos-de-maduracion-coquard","8":"first","9":"instock","10":"taxable","11":"shipping-taxable","12":"purchasable","13":"product-type-simple"},"acf":[],"_links":{"self":[{"href":"https:\/\/www.coquard.fr\/es\/wp-json\/wp\/v2\/product\/30799","targetHints":{"allow":["GET"]}}],"collection":[{"href":"https:\/\/www.coquard.fr\/es\/wp-json\/wp\/v2\/product"}],"about":[{"href":"https:\/\/www.coquard.fr\/es\/wp-json\/wp\/v2\/types\/product"}],"replies":[{"embeddable":true,"href":"https:\/\/www.coquard.fr\/es\/wp-json\/wp\/v2\/comments?post=30799"}],"wp:featuredmedia":[{"embeddable":true,"href":"https:\/\/www.coquard.fr\/es\/wp-json\/wp\/v2\/media\/21467"}],"wp:attachment":[{"href":"https:\/\/www.coquard.fr\/es\/wp-json\/wp\/v2\/media?parent=30799"}],"wp:term":[{"taxonomy":"product_brand","embeddable":true,"href":"https:\/\/www.coquard.fr\/es\/wp-json\/wp\/v2\/product_brand?post=30799"},{"taxonomy":"product_cat","embeddable":true,"href":"https:\/\/www.coquard.fr\/es\/wp-json\/wp\/v2\/product_cat?post=30799"},{"taxonomy":"product_tag","embeddable":true,"href":"https:\/\/www.coquard.fr\/es\/wp-json\/wp\/v2\/product_tag?post=30799"}],"curies":[{"name":"wp","href":"https:\/\/api.w.org\/{rel}","templated":true}]}}