{"id":30793,"date":"2020-07-17T10:22:37","date_gmt":"2020-07-17T08:22:37","guid":{"rendered":"https:\/\/www.coquard.fr\/produit\/penicillium-roqueforti-no-c-liquide-csl"},"modified":"2026-01-08T14:21:03","modified_gmt":"2026-01-08T13:21:03","slug":"penicillium-roqueforti-no-c-liquide-csl","status":"publish","type":"product","link":"https:\/\/www.coquard.fr\/es\/produit\/penicillium-roqueforti-no-c-liquide-csl","title":{"rendered":"PENICILLIUM ROQUEFORTI NO-C LIQUIDO -CSL"},"content":{"rendered":"<p>Gama CSL, Penicillium roqueforti, fermento de maduraci\u00f3n l\u00edquido, permite obtener un moho dentro del queso de color azul claro. Conservaci\u00f3n en la nevera de 6 a 12 semanas. Un vial es apto para tratar 1000 litros de leche. Tarifa para un vial. Caja de 6.<\/p>\n","protected":false},"excerpt":{"rendered":"<p>30793<\/p>\n","protected":false},"featured_media":20963,"comment_status":"closed","ping_status":"closed","template":"","meta":{"_acf_changed":false},"product_brand":[],"product_cat":[1555],"product_tag":[],"class_list":{"0":"post-30793","1":"product","2":"type-product","3":"status-publish","4":"has-post-thumbnail","6":"product_cat-fermentos-lacticos-y-de-maduracion-csl","8":"first","9":"instock","10":"taxable","11":"shipping-taxable","12":"purchasable","13":"product-type-simple"},"acf":[],"_links":{"self":[{"href":"https:\/\/www.coquard.fr\/es\/wp-json\/wp\/v2\/product\/30793","targetHints":{"allow":["GET"]}}],"collection":[{"href":"https:\/\/www.coquard.fr\/es\/wp-json\/wp\/v2\/product"}],"about":[{"href":"https:\/\/www.coquard.fr\/es\/wp-json\/wp\/v2\/types\/product"}],"replies":[{"embeddable":true,"href":"https:\/\/www.coquard.fr\/es\/wp-json\/wp\/v2\/comments?post=30793"}],"wp:featuredmedia":[{"embeddable":true,"href":"https:\/\/www.coquard.fr\/es\/wp-json\/wp\/v2\/media\/20963"}],"wp:attachment":[{"href":"https:\/\/www.coquard.fr\/es\/wp-json\/wp\/v2\/media?parent=30793"}],"wp:term":[{"taxonomy":"product_brand","embeddable":true,"href":"https:\/\/www.coquard.fr\/es\/wp-json\/wp\/v2\/product_brand?post=30793"},{"taxonomy":"product_cat","embeddable":true,"href":"https:\/\/www.coquard.fr\/es\/wp-json\/wp\/v2\/product_cat?post=30793"},{"taxonomy":"product_tag","embeddable":true,"href":"https:\/\/www.coquard.fr\/es\/wp-json\/wp\/v2\/product_tag?post=30793"}],"curies":[{"name":"wp","href":"https:\/\/api.w.org\/{rel}","templated":true}]}}