{"id":30787,"date":"2020-07-17T10:22:29","date_gmt":"2020-07-17T08:22:29","guid":{"rendered":"https:\/\/www.coquard.fr\/produit\/sigma-13-liquide"},"modified":"2026-04-23T23:36:58","modified_gmt":"2026-04-23T21:36:58","slug":"sigma-13-liquide","status":"publish","type":"product","link":"https:\/\/www.coquard.fr\/es\/produit\/sigma-13-liquide","title":{"rendered":"SIGMA 13 &#8211; LIQUIDO"},"content":{"rendered":"<p>Penicillium album, fermento de maduraci\u00f3n l\u00edquido, moho de superficie de color blanco durante el crecimiento, que se va volviendo azul con la maduraci\u00f3n. Uso para quesos de cabra, quesos de pasta l\u00e1ctica. Conservaci\u00f3n en la nevera de 6 a 12 semanas. Una dosis es apta para tratar 500 litros de leche. Puede utilizarse en la leche y en pulverizaci\u00f3n sobre los quesos. Tarifa por dosis. Descuento cuantitativo para 60 o 120 tubos.<\/p>\n","protected":false},"excerpt":{"rendered":"<p>30787<\/p>\n","protected":false},"featured_media":21233,"comment_status":"closed","ping_status":"closed","template":"","meta":{"_acf_changed":false},"product_brand":[],"product_cat":[1549],"product_tag":[],"class_list":{"0":"post-30787","1":"product","2":"type-product","3":"status-publish","4":"has-post-thumbnail","6":"product_cat-fermentos-de-maduracion-coquard","8":"first","9":"instock","10":"taxable","11":"shipping-taxable","12":"purchasable","13":"product-type-simple"},"acf":[],"_links":{"self":[{"href":"https:\/\/www.coquard.fr\/es\/wp-json\/wp\/v2\/product\/30787","targetHints":{"allow":["GET"]}}],"collection":[{"href":"https:\/\/www.coquard.fr\/es\/wp-json\/wp\/v2\/product"}],"about":[{"href":"https:\/\/www.coquard.fr\/es\/wp-json\/wp\/v2\/types\/product"}],"replies":[{"embeddable":true,"href":"https:\/\/www.coquard.fr\/es\/wp-json\/wp\/v2\/comments?post=30787"}],"wp:featuredmedia":[{"embeddable":true,"href":"https:\/\/www.coquard.fr\/es\/wp-json\/wp\/v2\/media\/21233"}],"wp:attachment":[{"href":"https:\/\/www.coquard.fr\/es\/wp-json\/wp\/v2\/media?parent=30787"}],"wp:term":[{"taxonomy":"product_brand","embeddable":true,"href":"https:\/\/www.coquard.fr\/es\/wp-json\/wp\/v2\/product_brand?post=30787"},{"taxonomy":"product_cat","embeddable":true,"href":"https:\/\/www.coquard.fr\/es\/wp-json\/wp\/v2\/product_cat?post=30787"},{"taxonomy":"product_tag","embeddable":true,"href":"https:\/\/www.coquard.fr\/es\/wp-json\/wp\/v2\/product_tag?post=30787"}],"curies":[{"name":"wp","href":"https:\/\/api.w.org\/{rel}","templated":true}]}}