{"id":30783,"date":"2020-07-17T10:22:21","date_gmt":"2020-07-17T08:22:21","guid":{"rendered":"https:\/\/www.coquard.fr\/produit\/xpl-1-50-u-ferment-mesophile"},"modified":"2026-04-02T21:09:04","modified_gmt":"2026-04-02T19:09:04","slug":"xpl-1-50-u-ferment-mesophile","status":"publish","type":"product","link":"https:\/\/www.coquard.fr\/es\/produit\/xpl-1-50-u-ferment-mesophile","title":{"rendered":"XPL-1 50 U FERMENTO MESOFILO"},"content":{"rendered":"<p>Gama Hansen, fermento l\u00e1ctico mes\u00f3filo liofilizado mixto arom\u00e1tico y texturizante para nata, encellas, reques\u00f3n batido. Una bolsita de 50 U permite sembrar de 250 a 500 litros de leche. Tarifa por bolsita. Caja de 30.<\/p>\n","protected":false},"excerpt":{"rendered":"<p>30783<\/p>\n","protected":false},"featured_media":20954,"comment_status":"closed","ping_status":"closed","template":"","meta":{"_acf_changed":false},"product_brand":[],"product_cat":[1553],"product_tag":[],"class_list":{"0":"post-30783","1":"product","2":"type-product","3":"status-publish","4":"has-post-thumbnail","6":"product_cat-fermentos-lacticos-y-de-maduracion-chr-hansen","8":"first","9":"instock","10":"taxable","11":"shipping-taxable","12":"purchasable","13":"product-type-simple"},"acf":[],"_links":{"self":[{"href":"https:\/\/www.coquard.fr\/es\/wp-json\/wp\/v2\/product\/30783","targetHints":{"allow":["GET"]}}],"collection":[{"href":"https:\/\/www.coquard.fr\/es\/wp-json\/wp\/v2\/product"}],"about":[{"href":"https:\/\/www.coquard.fr\/es\/wp-json\/wp\/v2\/types\/product"}],"replies":[{"embeddable":true,"href":"https:\/\/www.coquard.fr\/es\/wp-json\/wp\/v2\/comments?post=30783"}],"wp:featuredmedia":[{"embeddable":true,"href":"https:\/\/www.coquard.fr\/es\/wp-json\/wp\/v2\/media\/20954"}],"wp:attachment":[{"href":"https:\/\/www.coquard.fr\/es\/wp-json\/wp\/v2\/media?parent=30783"}],"wp:term":[{"taxonomy":"product_brand","embeddable":true,"href":"https:\/\/www.coquard.fr\/es\/wp-json\/wp\/v2\/product_brand?post=30783"},{"taxonomy":"product_cat","embeddable":true,"href":"https:\/\/www.coquard.fr\/es\/wp-json\/wp\/v2\/product_cat?post=30783"},{"taxonomy":"product_tag","embeddable":true,"href":"https:\/\/www.coquard.fr\/es\/wp-json\/wp\/v2\/product_tag?post=30783"}],"curies":[{"name":"wp","href":"https:\/\/api.w.org\/{rel}","templated":true}]}}