{"id":30771,"date":"2020-07-17T10:21:57","date_gmt":"2020-07-17T08:21:57","guid":{"rendered":"https:\/\/www.coquard.fr\/produit\/lhb02-50-u-ferment-thermophile"},"modified":"2026-03-31T21:09:39","modified_gmt":"2026-03-31T19:09:39","slug":"lhb02-50-u-ferment-thermophile","status":"publish","type":"product","link":"https:\/\/www.coquard.fr\/es\/produit\/lhb02-50-u-ferment-thermophile","title":{"rendered":"LHB02 50 U FERMENTO TERMOFILO"},"content":{"rendered":"<p>Gama HANSEN, fermento l\u00e1ctico term\u00f3filo para la elaboraci\u00f3n de pastas prensadas y pastas prensadas cocidas. Permite mejorar la producci\u00f3n de aromas. Se usa conjuntamente con otros fermentos l\u00e1cticos acidificantes. Una bolsita de 50 U permite sembrar 500 litros de leche. Tarifa por bolsita. Caja de 30.<\/p>\n","protected":false},"excerpt":{"rendered":"<p>30771<\/p>\n","protected":false},"featured_media":21899,"comment_status":"closed","ping_status":"closed","template":"","meta":{"_acf_changed":false},"product_brand":[],"product_cat":[1553],"product_tag":[],"class_list":{"0":"post-30771","1":"product","2":"type-product","3":"status-publish","4":"has-post-thumbnail","6":"product_cat-fermentos-lacticos-y-de-maduracion-chr-hansen","8":"first","9":"instock","10":"taxable","11":"shipping-taxable","12":"purchasable","13":"product-type-simple"},"acf":[],"_links":{"self":[{"href":"https:\/\/www.coquard.fr\/es\/wp-json\/wp\/v2\/product\/30771","targetHints":{"allow":["GET"]}}],"collection":[{"href":"https:\/\/www.coquard.fr\/es\/wp-json\/wp\/v2\/product"}],"about":[{"href":"https:\/\/www.coquard.fr\/es\/wp-json\/wp\/v2\/types\/product"}],"replies":[{"embeddable":true,"href":"https:\/\/www.coquard.fr\/es\/wp-json\/wp\/v2\/comments?post=30771"}],"wp:featuredmedia":[{"embeddable":true,"href":"https:\/\/www.coquard.fr\/es\/wp-json\/wp\/v2\/media\/21899"}],"wp:attachment":[{"href":"https:\/\/www.coquard.fr\/es\/wp-json\/wp\/v2\/media?parent=30771"}],"wp:term":[{"taxonomy":"product_brand","embeddable":true,"href":"https:\/\/www.coquard.fr\/es\/wp-json\/wp\/v2\/product_brand?post=30771"},{"taxonomy":"product_cat","embeddable":true,"href":"https:\/\/www.coquard.fr\/es\/wp-json\/wp\/v2\/product_cat?post=30771"},{"taxonomy":"product_tag","embeddable":true,"href":"https:\/\/www.coquard.fr\/es\/wp-json\/wp\/v2\/product_tag?post=30771"}],"curies":[{"name":"wp","href":"https:\/\/api.w.org\/{rel}","templated":true}]}}