{"id":30767,"date":"2020-07-17T10:21:51","date_gmt":"2020-07-17T08:21:51","guid":{"rendered":"https:\/\/www.coquard.fr\/produit\/ycx-11-50-u-ferment-yaourt"},"modified":"2026-03-31T21:09:33","modified_gmt":"2026-03-31T19:09:33","slug":"ycx-11-50-u-ferment-yaourt","status":"publish","type":"product","link":"https:\/\/www.coquard.fr\/es\/produit\/ycx-11-50-u-ferment-yaourt","title":{"rendered":"YCX 11 50 U FERMENTO YOGUR"},"content":{"rendered":"<p>Gama Hansen, fermento l\u00e1ctico term\u00f3filo liofilizado para la elaboraci\u00f3n de yogur. Cepa para yogures esterilizados y batidos. Dosificaci\u00f3n recomendada: 1 bolsita de 50 U permite sembrar 250 litros de leche. Tarifa por bolsita. Caja de 30.<\/p>\n","protected":false},"excerpt":{"rendered":"<p>30767<\/p>\n","protected":false},"featured_media":21224,"comment_status":"closed","ping_status":"closed","template":"","meta":{"_acf_changed":false},"product_brand":[],"product_cat":[1553],"product_tag":[],"class_list":{"0":"post-30767","1":"product","2":"type-product","3":"status-publish","4":"has-post-thumbnail","6":"product_cat-fermentos-lacticos-y-de-maduracion-chr-hansen","8":"first","9":"instock","10":"taxable","11":"shipping-taxable","12":"purchasable","13":"product-type-simple"},"acf":[],"_links":{"self":[{"href":"https:\/\/www.coquard.fr\/es\/wp-json\/wp\/v2\/product\/30767","targetHints":{"allow":["GET"]}}],"collection":[{"href":"https:\/\/www.coquard.fr\/es\/wp-json\/wp\/v2\/product"}],"about":[{"href":"https:\/\/www.coquard.fr\/es\/wp-json\/wp\/v2\/types\/product"}],"replies":[{"embeddable":true,"href":"https:\/\/www.coquard.fr\/es\/wp-json\/wp\/v2\/comments?post=30767"}],"wp:featuredmedia":[{"embeddable":true,"href":"https:\/\/www.coquard.fr\/es\/wp-json\/wp\/v2\/media\/21224"}],"wp:attachment":[{"href":"https:\/\/www.coquard.fr\/es\/wp-json\/wp\/v2\/media?parent=30767"}],"wp:term":[{"taxonomy":"product_brand","embeddable":true,"href":"https:\/\/www.coquard.fr\/es\/wp-json\/wp\/v2\/product_brand?post=30767"},{"taxonomy":"product_cat","embeddable":true,"href":"https:\/\/www.coquard.fr\/es\/wp-json\/wp\/v2\/product_cat?post=30767"},{"taxonomy":"product_tag","embeddable":true,"href":"https:\/\/www.coquard.fr\/es\/wp-json\/wp\/v2\/product_tag?post=30767"}],"curies":[{"name":"wp","href":"https:\/\/api.w.org\/{rel}","templated":true}]}}