{"id":30733,"date":"2020-07-17T10:20:55","date_gmt":"2020-07-17T08:20:55","guid":{"rendered":"https:\/\/www.coquard.fr\/produit\/st-b01-50-u-ferment-thermophile"},"modified":"2026-04-02T21:08:33","modified_gmt":"2026-04-02T19:08:33","slug":"st-b01-50-u-ferment-thermophile","status":"publish","type":"product","link":"https:\/\/www.coquard.fr\/es\/produit\/st-b01-50-u-ferment-thermophile","title":{"rendered":"ST-B01 50 U FERMENTO TERMOFILO"},"content":{"rendered":"<p>Gama HANSEN, fermento l\u00e1ctico term\u00f3filo liofilizado para la elaboraci\u00f3n de quesos de pasta blanda, pasta solubilizada y pasta prensada. Composici\u00f3n: Streptococcus thermophilus. Dosificaci\u00f3n recomendada: 1 bolsita de 50 U para siembra de 500 litros de leche. Vendido por bolsita. Caja de 30.<\/p>\n","protected":false},"excerpt":{"rendered":"<p>30733<\/p>\n","protected":false},"featured_media":20915,"comment_status":"closed","ping_status":"closed","template":"","meta":{"_acf_changed":false},"product_brand":[],"product_cat":[1553],"product_tag":[],"class_list":{"0":"post-30733","1":"product","2":"type-product","3":"status-publish","4":"has-post-thumbnail","6":"product_cat-fermentos-lacticos-y-de-maduracion-chr-hansen","8":"first","9":"instock","10":"taxable","11":"shipping-taxable","12":"purchasable","13":"product-type-simple"},"acf":[],"_links":{"self":[{"href":"https:\/\/www.coquard.fr\/es\/wp-json\/wp\/v2\/product\/30733","targetHints":{"allow":["GET"]}}],"collection":[{"href":"https:\/\/www.coquard.fr\/es\/wp-json\/wp\/v2\/product"}],"about":[{"href":"https:\/\/www.coquard.fr\/es\/wp-json\/wp\/v2\/types\/product"}],"replies":[{"embeddable":true,"href":"https:\/\/www.coquard.fr\/es\/wp-json\/wp\/v2\/comments?post=30733"}],"wp:featuredmedia":[{"embeddable":true,"href":"https:\/\/www.coquard.fr\/es\/wp-json\/wp\/v2\/media\/20915"}],"wp:attachment":[{"href":"https:\/\/www.coquard.fr\/es\/wp-json\/wp\/v2\/media?parent=30733"}],"wp:term":[{"taxonomy":"product_brand","embeddable":true,"href":"https:\/\/www.coquard.fr\/es\/wp-json\/wp\/v2\/product_brand?post=30733"},{"taxonomy":"product_cat","embeddable":true,"href":"https:\/\/www.coquard.fr\/es\/wp-json\/wp\/v2\/product_cat?post=30733"},{"taxonomy":"product_tag","embeddable":true,"href":"https:\/\/www.coquard.fr\/es\/wp-json\/wp\/v2\/product_tag?post=30733"}],"curies":[{"name":"wp","href":"https:\/\/api.w.org\/{rel}","templated":true}]}}