{"id":30715,"date":"2020-07-17T10:20:41","date_gmt":"2020-07-17T08:20:41","guid":{"rendered":"https:\/\/www.coquard.fr\/produit\/rho-flora-danica-ferment-pour-levain-mesophile"},"modified":"2026-04-23T23:20:01","modified_gmt":"2026-04-23T21:20:01","slug":"rho-flora-danica-ferment-pour-levain-mesophile","status":"publish","type":"product","link":"https:\/\/www.coquard.fr\/es\/produit\/rho-flora-danica-ferment-pour-levain-mesophile","title":{"rendered":"RHO FLORA DANICA PARA LEVADURA MESOFILA"},"content":{"rendered":"<p>Fermentos l\u00e1cticos FLORA DANICA liofilizados mes\u00f3filos para la preparaci\u00f3n de levadura. Cultivo mes\u00f3filo, acidificante y arom\u00e1tico para queso fresco, mantequilla, nata y pasta blanda. Composici\u00f3n: Lactococcus cremoris y Lactococcus lactis y Leuconostoc mesenteroides. Un tubo permite fabricar de 1 a 5 litros de levadura. Vendido por unidad.<\/p>\n","protected":false},"excerpt":{"rendered":"<p>30715<\/p>\n","protected":false},"featured_media":21482,"comment_status":"closed","ping_status":"closed","template":"","meta":{"_acf_changed":false},"product_brand":[],"product_cat":[1550],"product_tag":[],"class_list":{"0":"post-30715","1":"product","2":"type-product","3":"status-publish","4":"has-post-thumbnail","6":"product_cat-fermentos-lacticos-coquard","8":"first","9":"instock","10":"taxable","11":"shipping-taxable","12":"purchasable","13":"product-type-simple"},"acf":[],"_links":{"self":[{"href":"https:\/\/www.coquard.fr\/es\/wp-json\/wp\/v2\/product\/30715","targetHints":{"allow":["GET"]}}],"collection":[{"href":"https:\/\/www.coquard.fr\/es\/wp-json\/wp\/v2\/product"}],"about":[{"href":"https:\/\/www.coquard.fr\/es\/wp-json\/wp\/v2\/types\/product"}],"replies":[{"embeddable":true,"href":"https:\/\/www.coquard.fr\/es\/wp-json\/wp\/v2\/comments?post=30715"}],"wp:featuredmedia":[{"embeddable":true,"href":"https:\/\/www.coquard.fr\/es\/wp-json\/wp\/v2\/media\/21482"}],"wp:attachment":[{"href":"https:\/\/www.coquard.fr\/es\/wp-json\/wp\/v2\/media?parent=30715"}],"wp:term":[{"taxonomy":"product_brand","embeddable":true,"href":"https:\/\/www.coquard.fr\/es\/wp-json\/wp\/v2\/product_brand?post=30715"},{"taxonomy":"product_cat","embeddable":true,"href":"https:\/\/www.coquard.fr\/es\/wp-json\/wp\/v2\/product_cat?post=30715"},{"taxonomy":"product_tag","embeddable":true,"href":"https:\/\/www.coquard.fr\/es\/wp-json\/wp\/v2\/product_tag?post=30715"}],"curies":[{"name":"wp","href":"https:\/\/api.w.org\/{rel}","templated":true}]}}