{"id":30707,"date":"2020-07-17T10:20:30","date_gmt":"2020-07-17T08:20:30","guid":{"rendered":"https:\/\/www.coquard.fr\/produit\/rho-4-ferment-pour-levain-mesophile"},"modified":"2026-04-23T22:58:51","modified_gmt":"2026-04-23T20:58:51","slug":"rho-4-ferment-pour-levain-mesophile","status":"publish","type":"product","link":"https:\/\/www.coquard.fr\/es\/produit\/rho-4-ferment-pour-levain-mesophile","title":{"rendered":"RHO 4 FERMENTOS"},"content":{"rendered":"<p>Fermentos l\u00e1cticos liofilizados mes\u00f3filos para la preparaci\u00f3n de levadura. Cultivo mixto para pasta blanda y gel l\u00e1ctico, mantequilla, nata. Composici\u00f3n: Lactococcus cremoris y Lactococcus lactis 66\u00a0% &#8211; Lactococcus diacetilactis, y Leuconostoc cremoris 34\u00a0%. Un tubo permite fabricar de 1 a 5 litros de levadura. Vendido por unidad.<\/p>\n","protected":false},"excerpt":{"rendered":"<p>30707<\/p>\n","protected":false},"featured_media":21353,"comment_status":"closed","ping_status":"closed","template":"","meta":{"_acf_changed":false},"product_brand":[],"product_cat":[1550],"product_tag":[],"class_list":{"0":"post-30707","1":"product","2":"type-product","3":"status-publish","4":"has-post-thumbnail","6":"product_cat-fermentos-lacticos-coquard","8":"first","9":"instock","10":"taxable","11":"shipping-taxable","12":"purchasable","13":"product-type-simple"},"acf":[],"_links":{"self":[{"href":"https:\/\/www.coquard.fr\/es\/wp-json\/wp\/v2\/product\/30707","targetHints":{"allow":["GET"]}}],"collection":[{"href":"https:\/\/www.coquard.fr\/es\/wp-json\/wp\/v2\/product"}],"about":[{"href":"https:\/\/www.coquard.fr\/es\/wp-json\/wp\/v2\/types\/product"}],"replies":[{"embeddable":true,"href":"https:\/\/www.coquard.fr\/es\/wp-json\/wp\/v2\/comments?post=30707"}],"wp:featuredmedia":[{"embeddable":true,"href":"https:\/\/www.coquard.fr\/es\/wp-json\/wp\/v2\/media\/21353"}],"wp:attachment":[{"href":"https:\/\/www.coquard.fr\/es\/wp-json\/wp\/v2\/media?parent=30707"}],"wp:term":[{"taxonomy":"product_brand","embeddable":true,"href":"https:\/\/www.coquard.fr\/es\/wp-json\/wp\/v2\/product_brand?post=30707"},{"taxonomy":"product_cat","embeddable":true,"href":"https:\/\/www.coquard.fr\/es\/wp-json\/wp\/v2\/product_cat?post=30707"},{"taxonomy":"product_tag","embeddable":true,"href":"https:\/\/www.coquard.fr\/es\/wp-json\/wp\/v2\/product_tag?post=30707"}],"curies":[{"name":"wp","href":"https:\/\/api.w.org\/{rel}","templated":true}]}}