{"id":30703,"date":"2020-07-17T10:20:24","date_gmt":"2020-07-17T08:20:24","guid":{"rendered":"https:\/\/www.coquard.fr\/produit\/omega-10-dl1-ferments"},"modified":"2026-04-16T22:33:09","modified_gmt":"2026-04-16T20:33:09","slug":"omega-10-dl1-ferments","status":"publish","type":"product","link":"https:\/\/www.coquard.fr\/es\/produit\/omega-10-dl1-ferments","title":{"rendered":"OMEGA 10 DL1 FERMENTOS"},"content":{"rendered":"<p>Fermentos l\u00e1cticos liofilizados polivalentes y r\u00fasticos. Apto para elaboraciones de queso fresco, gel l\u00e1ctico, pasta blanda y pasta prensada. Composici\u00f3n: Lactococcus cremoris y Lactococcus lactis 80\u00a0% &#8211; Lactococcus diacetilactis, Leuconostoc cremoris, Streptococcus thermophilus 20\u00a0%. Fermento de siembra directa. Un tubo de DL1 permite sembrar de 100 a 200 litros de leche. Bolsita de 10 tubos DL1. Tarifa para un tubo. Descuento cuantitativo por 60 o 120 tubos.<\/p>\n","protected":false},"excerpt":{"rendered":"<p>30703<\/p>\n","protected":false},"featured_media":21200,"comment_status":"closed","ping_status":"closed","template":"","meta":{"_acf_changed":false},"product_brand":[],"product_cat":[1550],"product_tag":[],"class_list":{"0":"post-30703","1":"product","2":"type-product","3":"status-publish","4":"has-post-thumbnail","6":"product_cat-fermentos-lacticos-coquard","8":"first","9":"instock","10":"taxable","11":"shipping-taxable","12":"purchasable","13":"product-type-simple"},"acf":[],"_links":{"self":[{"href":"https:\/\/www.coquard.fr\/es\/wp-json\/wp\/v2\/product\/30703","targetHints":{"allow":["GET"]}}],"collection":[{"href":"https:\/\/www.coquard.fr\/es\/wp-json\/wp\/v2\/product"}],"about":[{"href":"https:\/\/www.coquard.fr\/es\/wp-json\/wp\/v2\/types\/product"}],"replies":[{"embeddable":true,"href":"https:\/\/www.coquard.fr\/es\/wp-json\/wp\/v2\/comments?post=30703"}],"wp:featuredmedia":[{"embeddable":true,"href":"https:\/\/www.coquard.fr\/es\/wp-json\/wp\/v2\/media\/21200"}],"wp:attachment":[{"href":"https:\/\/www.coquard.fr\/es\/wp-json\/wp\/v2\/media?parent=30703"}],"wp:term":[{"taxonomy":"product_brand","embeddable":true,"href":"https:\/\/www.coquard.fr\/es\/wp-json\/wp\/v2\/product_brand?post=30703"},{"taxonomy":"product_cat","embeddable":true,"href":"https:\/\/www.coquard.fr\/es\/wp-json\/wp\/v2\/product_cat?post=30703"},{"taxonomy":"product_tag","embeddable":true,"href":"https:\/\/www.coquard.fr\/es\/wp-json\/wp\/v2\/product_tag?post=30703"}],"curies":[{"name":"wp","href":"https:\/\/api.w.org\/{rel}","templated":true}]}}