{"id":30645,"date":"2020-07-17T10:19:09","date_gmt":"2020-07-17T08:19:09","guid":{"rendered":"https:\/\/www.coquard.fr\/produit\/lambda-13-dl3-5-ferment-yaourt"},"modified":"2026-04-23T21:07:22","modified_gmt":"2026-04-23T19:07:22","slug":"lambda-13-dl3-5-ferment-yaourt","status":"publish","type":"product","link":"https:\/\/www.coquard.fr\/es\/produit\/lambda-13-dl3-5-ferment-yaourt","title":{"rendered":"LAMBDA 13 DL3.5 FERMENTO YOGUR"},"content":{"rendered":"<p>Fermentos l\u00e1cticos liofilizados term\u00f3filos para yogures. Cepa r\u00e1pida para yogur suave. Mezcla de cepas de Lactobacillus Bulgaricus (LB) y de Streptococcus thermophilus (ST). Fermento de siembra directa. Un frasco DL3,5 permite sembrar en yogur de 150 a 180 litros de leche pasteurizada. Tarifa para un frasco. Descuento cuantitativo por 60 o 120 frascos.<\/p>\n","protected":false},"excerpt":{"rendered":"<p>30645<\/p>\n","protected":false},"featured_media":20849,"comment_status":"closed","ping_status":"closed","template":"","meta":{"_acf_changed":false},"product_brand":[],"product_cat":[1550],"product_tag":[],"class_list":{"0":"post-30645","1":"product","2":"type-product","3":"status-publish","4":"has-post-thumbnail","6":"product_cat-fermentos-lacticos-coquard","8":"first","9":"instock","10":"taxable","11":"shipping-taxable","12":"purchasable","13":"product-type-simple"},"acf":[],"_links":{"self":[{"href":"https:\/\/www.coquard.fr\/es\/wp-json\/wp\/v2\/product\/30645","targetHints":{"allow":["GET"]}}],"collection":[{"href":"https:\/\/www.coquard.fr\/es\/wp-json\/wp\/v2\/product"}],"about":[{"href":"https:\/\/www.coquard.fr\/es\/wp-json\/wp\/v2\/types\/product"}],"replies":[{"embeddable":true,"href":"https:\/\/www.coquard.fr\/es\/wp-json\/wp\/v2\/comments?post=30645"}],"wp:featuredmedia":[{"embeddable":true,"href":"https:\/\/www.coquard.fr\/es\/wp-json\/wp\/v2\/media\/20849"}],"wp:attachment":[{"href":"https:\/\/www.coquard.fr\/es\/wp-json\/wp\/v2\/media?parent=30645"}],"wp:term":[{"taxonomy":"product_brand","embeddable":true,"href":"https:\/\/www.coquard.fr\/es\/wp-json\/wp\/v2\/product_brand?post=30645"},{"taxonomy":"product_cat","embeddable":true,"href":"https:\/\/www.coquard.fr\/es\/wp-json\/wp\/v2\/product_cat?post=30645"},{"taxonomy":"product_tag","embeddable":true,"href":"https:\/\/www.coquard.fr\/es\/wp-json\/wp\/v2\/product_tag?post=30645"}],"curies":[{"name":"wp","href":"https:\/\/api.w.org\/{rel}","templated":true}]}}