{"id":30643,"date":"2020-07-17T10:19:07","date_gmt":"2020-07-17T08:19:07","guid":{"rendered":"https:\/\/www.coquard.fr\/produit\/lambda-13-dl1-ferment-yaourt"},"modified":"2026-04-23T21:06:12","modified_gmt":"2026-04-23T19:06:12","slug":"lambda-13-dl1-ferment-yaourt","status":"publish","type":"product","link":"https:\/\/www.coquard.fr\/es\/produit\/lambda-13-dl1-ferment-yaourt","title":{"rendered":"LAMBDA 13 DL1 FERMENTO YOGUR"},"content":{"rendered":"<p>Fermentos l\u00e1cticos liofilizados term\u00f3filos para yogures. Cepa r\u00e1pida para yogures suaves. Mezcla de cepas de Lactobacillus Bulgaricus (LB) y de Streptococcus thermophilus (ST). Fermento de siembra directa. Un tubo DL1 permite sembrar en yogur 20 litros de leche pasteurizada. Bolsita de 10 tubos DL1. Tarifa para un tubo. Descuento cuantitativo para 60 o 120 tubos.<\/p>\n","protected":false},"excerpt":{"rendered":"<p>30643<\/p>\n","protected":false},"featured_media":21341,"comment_status":"closed","ping_status":"closed","template":"","meta":{"_acf_changed":false},"product_brand":[],"product_cat":[1550],"product_tag":[],"class_list":{"0":"post-30643","1":"product","2":"type-product","3":"status-publish","4":"has-post-thumbnail","6":"product_cat-fermentos-lacticos-coquard","8":"first","9":"instock","10":"taxable","11":"shipping-taxable","12":"purchasable","13":"product-type-simple"},"acf":[],"_links":{"self":[{"href":"https:\/\/www.coquard.fr\/es\/wp-json\/wp\/v2\/product\/30643","targetHints":{"allow":["GET"]}}],"collection":[{"href":"https:\/\/www.coquard.fr\/es\/wp-json\/wp\/v2\/product"}],"about":[{"href":"https:\/\/www.coquard.fr\/es\/wp-json\/wp\/v2\/types\/product"}],"replies":[{"embeddable":true,"href":"https:\/\/www.coquard.fr\/es\/wp-json\/wp\/v2\/comments?post=30643"}],"wp:featuredmedia":[{"embeddable":true,"href":"https:\/\/www.coquard.fr\/es\/wp-json\/wp\/v2\/media\/21341"}],"wp:attachment":[{"href":"https:\/\/www.coquard.fr\/es\/wp-json\/wp\/v2\/media?parent=30643"}],"wp:term":[{"taxonomy":"product_brand","embeddable":true,"href":"https:\/\/www.coquard.fr\/es\/wp-json\/wp\/v2\/product_brand?post=30643"},{"taxonomy":"product_cat","embeddable":true,"href":"https:\/\/www.coquard.fr\/es\/wp-json\/wp\/v2\/product_cat?post=30643"},{"taxonomy":"product_tag","embeddable":true,"href":"https:\/\/www.coquard.fr\/es\/wp-json\/wp\/v2\/product_tag?post=30643"}],"curies":[{"name":"wp","href":"https:\/\/api.w.org\/{rel}","templated":true}]}}