{"id":30627,"date":"2020-07-17T10:18:49","date_gmt":"2020-07-17T08:18:49","guid":{"rendered":"https:\/\/www.coquard.fr\/produit\/lambda-9-dl1-ferment-yaourt"},"modified":"2026-04-23T21:00:40","modified_gmt":"2026-04-23T19:00:40","slug":"lambda-9-dl1-ferment-yaourt","status":"publish","type":"product","link":"https:\/\/www.coquard.fr\/es\/produit\/lambda-9-dl1-ferment-yaourt","title":{"rendered":"LAMBDA 9 DL1 FERMENTO YOGUR"},"content":{"rendered":"<p>Fermentos l\u00e1cticos liofilizados term\u00f3filos para yogures. Cepa arom\u00e1tica para yogures esterilizados tradicionales. Mezcla de cepas de Lactobacillus Bulgaricus (LB) y de Streptococcus thermophilus (ST). Fermento de siembra directa. Un tubo DL1 permite sembrar en yogur 20 litros de leche pasteurizada. Bolsita de 10 tubos DL1. Tarifa para un tubo. Descuento cuantitativo por 60 o 120 tubos.<\/p>\n","protected":false},"excerpt":{"rendered":"<p>30627<\/p>\n","protected":false},"featured_media":21338,"comment_status":"closed","ping_status":"closed","template":"","meta":{"_acf_changed":false},"product_brand":[],"product_cat":[1550],"product_tag":[],"class_list":{"0":"post-30627","1":"product","2":"type-product","3":"status-publish","4":"has-post-thumbnail","6":"product_cat-fermentos-lacticos-coquard","8":"first","9":"instock","10":"taxable","11":"shipping-taxable","12":"purchasable","13":"product-type-simple"},"acf":[],"_links":{"self":[{"href":"https:\/\/www.coquard.fr\/es\/wp-json\/wp\/v2\/product\/30627","targetHints":{"allow":["GET"]}}],"collection":[{"href":"https:\/\/www.coquard.fr\/es\/wp-json\/wp\/v2\/product"}],"about":[{"href":"https:\/\/www.coquard.fr\/es\/wp-json\/wp\/v2\/types\/product"}],"replies":[{"embeddable":true,"href":"https:\/\/www.coquard.fr\/es\/wp-json\/wp\/v2\/comments?post=30627"}],"wp:featuredmedia":[{"embeddable":true,"href":"https:\/\/www.coquard.fr\/es\/wp-json\/wp\/v2\/media\/21338"}],"wp:attachment":[{"href":"https:\/\/www.coquard.fr\/es\/wp-json\/wp\/v2\/media?parent=30627"}],"wp:term":[{"taxonomy":"product_brand","embeddable":true,"href":"https:\/\/www.coquard.fr\/es\/wp-json\/wp\/v2\/product_brand?post=30627"},{"taxonomy":"product_cat","embeddable":true,"href":"https:\/\/www.coquard.fr\/es\/wp-json\/wp\/v2\/product_cat?post=30627"},{"taxonomy":"product_tag","embeddable":true,"href":"https:\/\/www.coquard.fr\/es\/wp-json\/wp\/v2\/product_tag?post=30627"}],"curies":[{"name":"wp","href":"https:\/\/api.w.org\/{rel}","templated":true}]}}