{"id":30597,"date":"2020-07-17T10:18:10","date_gmt":"2020-07-17T08:18:10","guid":{"rendered":"https:\/\/www.coquard.fr\/produit\/kappa-4-dl3-5-ferment-thermophile"},"modified":"2026-04-15T23:09:44","modified_gmt":"2026-04-15T21:09:44","slug":"kappa-4-dl3-5-ferment-thermophile","status":"publish","type":"product","link":"https:\/\/www.coquard.fr\/es\/produit\/kappa-4-dl3-5-ferment-thermophile","title":{"rendered":"KAPPA 4 DL3.5 FERMENTO TERMOFILO"},"content":{"rendered":"<p>Mezcla de lactobacilos para la elaboraci\u00f3n de quesos de pasta prensada cocida muy t\u00edpica. Se siembra con Kappa 1 o 2 o 3. Mejora la prote\u00f3lisis y la producci\u00f3n de aromas de afinado largo. Sirve tambi\u00e9n para la siembra de la salmuera en Feta. Composici\u00f3n: Lactobacillus helveticus y lactis. Un frasco DL3,5 permite sembrar 1.500 litros de leche. Tarifa para un frasco. Descuento cuantitativo por 60 o 120 tubos.<\/p>\n","protected":false},"excerpt":{"rendered":"<p>30597<\/p>\n","protected":false},"featured_media":20813,"comment_status":"closed","ping_status":"closed","template":"","meta":{"_acf_changed":false},"product_brand":[],"product_cat":[1550],"product_tag":[],"class_list":{"0":"post-30597","1":"product","2":"type-product","3":"status-publish","4":"has-post-thumbnail","6":"product_cat-fermentos-lacticos-coquard","8":"first","9":"instock","10":"taxable","11":"shipping-taxable","12":"purchasable","13":"product-type-simple"},"acf":[],"_links":{"self":[{"href":"https:\/\/www.coquard.fr\/es\/wp-json\/wp\/v2\/product\/30597","targetHints":{"allow":["GET"]}}],"collection":[{"href":"https:\/\/www.coquard.fr\/es\/wp-json\/wp\/v2\/product"}],"about":[{"href":"https:\/\/www.coquard.fr\/es\/wp-json\/wp\/v2\/types\/product"}],"replies":[{"embeddable":true,"href":"https:\/\/www.coquard.fr\/es\/wp-json\/wp\/v2\/comments?post=30597"}],"wp:featuredmedia":[{"embeddable":true,"href":"https:\/\/www.coquard.fr\/es\/wp-json\/wp\/v2\/media\/20813"}],"wp:attachment":[{"href":"https:\/\/www.coquard.fr\/es\/wp-json\/wp\/v2\/media?parent=30597"}],"wp:term":[{"taxonomy":"product_brand","embeddable":true,"href":"https:\/\/www.coquard.fr\/es\/wp-json\/wp\/v2\/product_brand?post=30597"},{"taxonomy":"product_cat","embeddable":true,"href":"https:\/\/www.coquard.fr\/es\/wp-json\/wp\/v2\/product_cat?post=30597"},{"taxonomy":"product_tag","embeddable":true,"href":"https:\/\/www.coquard.fr\/es\/wp-json\/wp\/v2\/product_tag?post=30597"}],"curies":[{"name":"wp","href":"https:\/\/api.w.org\/{rel}","templated":true}]}}