{"id":30593,"date":"2020-07-17T10:18:05","date_gmt":"2020-07-17T08:18:05","guid":{"rendered":"https:\/\/www.coquard.fr\/produit\/kappa-3-dl3-5-ferment-thermophile"},"modified":"2026-04-15T22:58:57","modified_gmt":"2026-04-15T20:58:57","slug":"kappa-3-dl3-5-ferment-thermophile","status":"publish","type":"product","link":"https:\/\/www.coquard.fr\/es\/produit\/kappa-3-dl3-5-ferment-thermophile","title":{"rendered":"KAPPA 3 DL3.5 FERMENTO TERMOFILO"},"content":{"rendered":"<p>Mezcla de fermentos l\u00e1cticos liofilizados y de bacterias propi\u00f3nicas para la elaboraci\u00f3n de pasta prensada cocida de tipo Bargkass y peque\u00f1o Gruyere con pocos ojos. Composici\u00f3n: Streptococcus thermophilus, Lactobacillus delbrueckii y helveticus, Propionibact\u00e9rium. Un frasco DL3,5 permite sembrar de 150 a 300 litros de leche. Tarifa para un frasco. Descuento cuantitativo por 60 o 120 frascos.<\/p>\n","protected":false},"excerpt":{"rendered":"<p>30593<\/p>\n","protected":false},"featured_media":20810,"comment_status":"closed","ping_status":"closed","template":"","meta":{"_acf_changed":false},"product_brand":[],"product_cat":[1550],"product_tag":[],"class_list":{"0":"post-30593","1":"product","2":"type-product","3":"status-publish","4":"has-post-thumbnail","6":"product_cat-fermentos-lacticos-coquard","8":"first","9":"instock","10":"taxable","11":"shipping-taxable","12":"purchasable","13":"product-type-simple"},"acf":[],"_links":{"self":[{"href":"https:\/\/www.coquard.fr\/es\/wp-json\/wp\/v2\/product\/30593","targetHints":{"allow":["GET"]}}],"collection":[{"href":"https:\/\/www.coquard.fr\/es\/wp-json\/wp\/v2\/product"}],"about":[{"href":"https:\/\/www.coquard.fr\/es\/wp-json\/wp\/v2\/types\/product"}],"replies":[{"embeddable":true,"href":"https:\/\/www.coquard.fr\/es\/wp-json\/wp\/v2\/comments?post=30593"}],"wp:featuredmedia":[{"embeddable":true,"href":"https:\/\/www.coquard.fr\/es\/wp-json\/wp\/v2\/media\/20810"}],"wp:attachment":[{"href":"https:\/\/www.coquard.fr\/es\/wp-json\/wp\/v2\/media?parent=30593"}],"wp:term":[{"taxonomy":"product_brand","embeddable":true,"href":"https:\/\/www.coquard.fr\/es\/wp-json\/wp\/v2\/product_brand?post=30593"},{"taxonomy":"product_cat","embeddable":true,"href":"https:\/\/www.coquard.fr\/es\/wp-json\/wp\/v2\/product_cat?post=30593"},{"taxonomy":"product_tag","embeddable":true,"href":"https:\/\/www.coquard.fr\/es\/wp-json\/wp\/v2\/product_tag?post=30593"}],"curies":[{"name":"wp","href":"https:\/\/api.w.org\/{rel}","templated":true}]}}