{"id":30581,"date":"2020-07-17T10:17:50","date_gmt":"2020-07-17T08:17:50","guid":{"rendered":"https:\/\/www.coquard.fr\/produit\/iota-probi-1-dl3-5-ferment-laits-fermentes"},"modified":"2026-04-29T22:17:07","modified_gmt":"2026-04-29T20:17:07","slug":"iota-probi-1-dl3-5-ferment-laits-fermentes","status":"publish","type":"product","link":"https:\/\/www.coquard.fr\/es\/produit\/iota-probi-1-dl3-5-ferment-laits-fermentes","title":{"rendered":"IOTA PROBI 1 DL3.5 FERMENTO LECHE FERMENTADAS"},"content":{"rendered":"<p>Mezcla de fermentos l\u00e1cticos liofilizados term\u00f3filos para leches fermentadas sembradas con probi\u00f3ticos. Composici\u00f3n: Streptococcus thermophilus, Bifidobacterium y Lactobacillus acidophilus. Un frasco permite sembrar de 150 a 180 litros de leche pasteurizada. Fermento de siembra directa. Vendido por unidad. Tarifa para un frasco. Descuento cuantitativo por 60 o 120 frascos.<\/p>\n","protected":false},"excerpt":{"rendered":"<p>30581<\/p>\n","protected":false},"featured_media":20801,"comment_status":"closed","ping_status":"closed","template":"","meta":{"_acf_changed":false},"product_brand":[],"product_cat":[1550],"product_tag":[],"class_list":{"0":"post-30581","1":"product","2":"type-product","3":"status-publish","4":"has-post-thumbnail","6":"product_cat-fermentos-lacticos-coquard","8":"first","9":"instock","10":"taxable","11":"shipping-taxable","12":"purchasable","13":"product-type-simple"},"acf":[],"_links":{"self":[{"href":"https:\/\/www.coquard.fr\/es\/wp-json\/wp\/v2\/product\/30581","targetHints":{"allow":["GET"]}}],"collection":[{"href":"https:\/\/www.coquard.fr\/es\/wp-json\/wp\/v2\/product"}],"about":[{"href":"https:\/\/www.coquard.fr\/es\/wp-json\/wp\/v2\/types\/product"}],"replies":[{"embeddable":true,"href":"https:\/\/www.coquard.fr\/es\/wp-json\/wp\/v2\/comments?post=30581"}],"wp:featuredmedia":[{"embeddable":true,"href":"https:\/\/www.coquard.fr\/es\/wp-json\/wp\/v2\/media\/20801"}],"wp:attachment":[{"href":"https:\/\/www.coquard.fr\/es\/wp-json\/wp\/v2\/media?parent=30581"}],"wp:term":[{"taxonomy":"product_brand","embeddable":true,"href":"https:\/\/www.coquard.fr\/es\/wp-json\/wp\/v2\/product_brand?post=30581"},{"taxonomy":"product_cat","embeddable":true,"href":"https:\/\/www.coquard.fr\/es\/wp-json\/wp\/v2\/product_cat?post=30581"},{"taxonomy":"product_tag","embeddable":true,"href":"https:\/\/www.coquard.fr\/es\/wp-json\/wp\/v2\/product_tag?post=30581"}],"curies":[{"name":"wp","href":"https:\/\/api.w.org\/{rel}","templated":true}]}}