{"id":30575,"date":"2020-07-17T10:17:42","date_gmt":"2020-07-17T08:17:42","guid":{"rendered":"https:\/\/www.coquard.fr\/produit\/iota-reblochon-2-dl1-ferment-type-reblochon"},"modified":"2026-04-22T22:04:34","modified_gmt":"2026-04-22T20:04:34","slug":"iota-reblochon-2-dl1-ferment-type-reblochon","status":"publish","type":"product","link":"https:\/\/www.coquard.fr\/es\/produit\/iota-reblochon-2-dl1-ferment-type-reblochon","title":{"rendered":"IOTA REBLOCHON 2 DL1 FERMENTO TIPO REBLOCHON"},"content":{"rendered":"<p>Mezcla de fermentos l\u00e1cticos liofilizados term\u00f3filos y de fermentos de maduraci\u00f3n para la elaboraci\u00f3n de quesos de tipo Reblochon. Permite proporcionar una buena elasticidad a la pasta. Composici\u00f3n: Streptococcus thermophilus, Lactobacillus bulgaricus, Lactobacillus rhamnosus y Lactobacillus plantarum. Un tubo de DL1 permite sembrar de 100 a 200 litros de leche. Fermento de siembra directa. Bolsita de 10 tubos DL1. Tarifa para un tubo. Descuento cuantitativo por 60 o 120 tubos.<\/p>\n","protected":false},"excerpt":{"rendered":"<p>30575<\/p>\n","protected":false},"featured_media":21152,"comment_status":"closed","ping_status":"closed","template":"","meta":{"_acf_changed":false},"product_brand":[],"product_cat":[1550],"product_tag":[],"class_list":{"0":"post-30575","1":"product","2":"type-product","3":"status-publish","4":"has-post-thumbnail","6":"product_cat-fermentos-lacticos-coquard","8":"first","9":"instock","10":"taxable","11":"shipping-taxable","12":"purchasable","13":"product-type-simple"},"acf":[],"_links":{"self":[{"href":"https:\/\/www.coquard.fr\/es\/wp-json\/wp\/v2\/product\/30575","targetHints":{"allow":["GET"]}}],"collection":[{"href":"https:\/\/www.coquard.fr\/es\/wp-json\/wp\/v2\/product"}],"about":[{"href":"https:\/\/www.coquard.fr\/es\/wp-json\/wp\/v2\/types\/product"}],"replies":[{"embeddable":true,"href":"https:\/\/www.coquard.fr\/es\/wp-json\/wp\/v2\/comments?post=30575"}],"wp:featuredmedia":[{"embeddable":true,"href":"https:\/\/www.coquard.fr\/es\/wp-json\/wp\/v2\/media\/21152"}],"wp:attachment":[{"href":"https:\/\/www.coquard.fr\/es\/wp-json\/wp\/v2\/media?parent=30575"}],"wp:term":[{"taxonomy":"product_brand","embeddable":true,"href":"https:\/\/www.coquard.fr\/es\/wp-json\/wp\/v2\/product_brand?post=30575"},{"taxonomy":"product_cat","embeddable":true,"href":"https:\/\/www.coquard.fr\/es\/wp-json\/wp\/v2\/product_cat?post=30575"},{"taxonomy":"product_tag","embeddable":true,"href":"https:\/\/www.coquard.fr\/es\/wp-json\/wp\/v2\/product_tag?post=30575"}],"curies":[{"name":"wp","href":"https:\/\/api.w.org\/{rel}","templated":true}]}}