{"id":30571,"date":"2020-07-17T10:17:37","date_gmt":"2020-07-17T08:17:37","guid":{"rendered":"https:\/\/www.coquard.fr\/produit\/iota-salers-dl-1-ferment-type-salers"},"modified":"2026-04-15T21:52:07","modified_gmt":"2026-04-15T19:52:07","slug":"iota-salers-dl-1-ferment-type-salers","status":"publish","type":"product","link":"https:\/\/www.coquard.fr\/es\/produit\/iota-salers-dl-1-ferment-type-salers","title":{"rendered":"IOTA SALERS DL1 FERMENTO TIPO SALERS"},"content":{"rendered":"<p>Mezcla de fermentos l\u00e1cticos liofilizados mes\u00f3filos y term\u00f3filos para un queso de tipo Salers, en complemento de la flora natural, especialmente en herrada. Composici\u00f3n: fermentos mes\u00f3filos homofermentativos y heterofermentativos, Streptococcus thermophilus. Un tubo permite sembrar de 100 a 200 litros de leche. Fermento de siembra directa. Bolsita de 10 tubos DL1. Tarifa para un tubo. Descuento cuantitativo por 60 o 120 tubos.<\/p>\n","protected":false},"excerpt":{"rendered":"<p>30571<\/p>\n","protected":false},"featured_media":21416,"comment_status":"closed","ping_status":"closed","template":"","meta":{"_acf_changed":false},"product_brand":[],"product_cat":[1550],"product_tag":[],"class_list":{"0":"post-30571","1":"product","2":"type-product","3":"status-publish","4":"has-post-thumbnail","6":"product_cat-fermentos-lacticos-coquard","8":"first","9":"instock","10":"taxable","11":"shipping-taxable","12":"purchasable","13":"product-type-simple"},"acf":[],"_links":{"self":[{"href":"https:\/\/www.coquard.fr\/es\/wp-json\/wp\/v2\/product\/30571","targetHints":{"allow":["GET"]}}],"collection":[{"href":"https:\/\/www.coquard.fr\/es\/wp-json\/wp\/v2\/product"}],"about":[{"href":"https:\/\/www.coquard.fr\/es\/wp-json\/wp\/v2\/types\/product"}],"replies":[{"embeddable":true,"href":"https:\/\/www.coquard.fr\/es\/wp-json\/wp\/v2\/comments?post=30571"}],"wp:featuredmedia":[{"embeddable":true,"href":"https:\/\/www.coquard.fr\/es\/wp-json\/wp\/v2\/media\/21416"}],"wp:attachment":[{"href":"https:\/\/www.coquard.fr\/es\/wp-json\/wp\/v2\/media?parent=30571"}],"wp:term":[{"taxonomy":"product_brand","embeddable":true,"href":"https:\/\/www.coquard.fr\/es\/wp-json\/wp\/v2\/product_brand?post=30571"},{"taxonomy":"product_cat","embeddable":true,"href":"https:\/\/www.coquard.fr\/es\/wp-json\/wp\/v2\/product_cat?post=30571"},{"taxonomy":"product_tag","embeddable":true,"href":"https:\/\/www.coquard.fr\/es\/wp-json\/wp\/v2\/product_tag?post=30571"}],"curies":[{"name":"wp","href":"https:\/\/api.w.org\/{rel}","templated":true}]}}