{"id":30567,"date":"2020-07-17T10:17:32","date_gmt":"2020-07-17T08:17:32","guid":{"rendered":"https:\/\/www.coquard.fr\/produit\/iota-saint-nectaire-2-dl1-ferment-type-st-nectaire"},"modified":"2026-04-22T21:50:26","modified_gmt":"2026-04-22T19:50:26","slug":"iota-saint-nectaire-2-dl1-ferment-type-st-nectaire","status":"publish","type":"product","link":"https:\/\/www.coquard.fr\/es\/produit\/iota-saint-nectaire-2-dl1-ferment-type-st-nectaire","title":{"rendered":"IOTA SAINT NECTAIRE 2 DL1 FERMENTO TIPO SAINT NECTAIRE"},"content":{"rendered":"<p>Mezcla de fermentos l\u00e1cticos liofilizados term\u00f3filos y de fermentos de maduraci\u00f3n para los quesos de pasta blanda y pasta prensada tradicional a pasta flexible de tipo Saint Nectaire. Composici\u00f3n: Streptococcus thermophilus, Lactobacillus bulgaricus, Micrococos y Enterococos. Un tubo permite sembrar de 100 a 300 litros de leche. Fermento de siembra directa. Bolsita de 10 tubos DL1. Tarifa para un tubo. Descuento cuantitativo para 60 o 120 tubos.<\/p>\n","protected":false},"excerpt":{"rendered":"<p>30567<\/p>\n","protected":false},"featured_media":21149,"comment_status":"closed","ping_status":"closed","template":"","meta":{"_acf_changed":false},"product_brand":[],"product_cat":[1550],"product_tag":[],"class_list":{"0":"post-30567","1":"product","2":"type-product","3":"status-publish","4":"has-post-thumbnail","6":"product_cat-fermentos-lacticos-coquard","8":"first","9":"instock","10":"taxable","11":"shipping-taxable","12":"purchasable","13":"product-type-simple"},"acf":[],"_links":{"self":[{"href":"https:\/\/www.coquard.fr\/es\/wp-json\/wp\/v2\/product\/30567","targetHints":{"allow":["GET"]}}],"collection":[{"href":"https:\/\/www.coquard.fr\/es\/wp-json\/wp\/v2\/product"}],"about":[{"href":"https:\/\/www.coquard.fr\/es\/wp-json\/wp\/v2\/types\/product"}],"replies":[{"embeddable":true,"href":"https:\/\/www.coquard.fr\/es\/wp-json\/wp\/v2\/comments?post=30567"}],"wp:featuredmedia":[{"embeddable":true,"href":"https:\/\/www.coquard.fr\/es\/wp-json\/wp\/v2\/media\/21149"}],"wp:attachment":[{"href":"https:\/\/www.coquard.fr\/es\/wp-json\/wp\/v2\/media?parent=30567"}],"wp:term":[{"taxonomy":"product_brand","embeddable":true,"href":"https:\/\/www.coquard.fr\/es\/wp-json\/wp\/v2\/product_brand?post=30567"},{"taxonomy":"product_cat","embeddable":true,"href":"https:\/\/www.coquard.fr\/es\/wp-json\/wp\/v2\/product_cat?post=30567"},{"taxonomy":"product_tag","embeddable":true,"href":"https:\/\/www.coquard.fr\/es\/wp-json\/wp\/v2\/product_tag?post=30567"}],"curies":[{"name":"wp","href":"https:\/\/api.w.org\/{rel}","templated":true}]}}