{"id":30565,"date":"2020-07-17T10:17:30","date_gmt":"2020-07-17T08:17:30","guid":{"rendered":"https:\/\/www.coquard.fr\/produit\/iota-saint-nectaire-1-dl3-5-ferment-type-st-nectaire"},"modified":"2026-04-22T21:47:10","modified_gmt":"2026-04-22T19:47:10","slug":"iota-saint-nectaire-1-dl3-5-ferment-type-st-nectaire","status":"publish","type":"product","link":"https:\/\/www.coquard.fr\/es\/produit\/iota-saint-nectaire-1-dl3-5-ferment-type-st-nectaire","title":{"rendered":"IOTA NECTAIRE 1 DL3.5 FERMENTO TIPO SAINT NECTAIRE"},"content":{"rendered":"<p>Mezcla de fermentos l\u00e1cticos liofilizados term\u00f3filos y de fermentos de maduraci\u00f3n para los quesos de pasta blanda y pasta prensada tradicional a pasta flexible de tipo Saint Nectaire. Composici\u00f3n: Streptococcus thermophilus, Lactobacillus bulgaricus, Micrococos y Enterococos. Un frasco permite sembrar de 300 a 900 litros de leche. Fermento de siembra directa. Tarifa para un frasco. Vendido por unidad. Descuento cuantitativo por 60 o 120 tubos.<\/p>\n","protected":false},"excerpt":{"rendered":"<p>30565<\/p>\n","protected":false},"featured_media":20789,"comment_status":"closed","ping_status":"closed","template":"","meta":{"_acf_changed":false},"product_brand":[],"product_cat":[1550],"product_tag":[],"class_list":{"0":"post-30565","1":"product","2":"type-product","3":"status-publish","4":"has-post-thumbnail","6":"product_cat-fermentos-lacticos-coquard","8":"first","9":"instock","10":"taxable","11":"shipping-taxable","12":"purchasable","13":"product-type-simple"},"acf":[],"_links":{"self":[{"href":"https:\/\/www.coquard.fr\/es\/wp-json\/wp\/v2\/product\/30565","targetHints":{"allow":["GET"]}}],"collection":[{"href":"https:\/\/www.coquard.fr\/es\/wp-json\/wp\/v2\/product"}],"about":[{"href":"https:\/\/www.coquard.fr\/es\/wp-json\/wp\/v2\/types\/product"}],"replies":[{"embeddable":true,"href":"https:\/\/www.coquard.fr\/es\/wp-json\/wp\/v2\/comments?post=30565"}],"wp:featuredmedia":[{"embeddable":true,"href":"https:\/\/www.coquard.fr\/es\/wp-json\/wp\/v2\/media\/20789"}],"wp:attachment":[{"href":"https:\/\/www.coquard.fr\/es\/wp-json\/wp\/v2\/media?parent=30565"}],"wp:term":[{"taxonomy":"product_brand","embeddable":true,"href":"https:\/\/www.coquard.fr\/es\/wp-json\/wp\/v2\/product_brand?post=30565"},{"taxonomy":"product_cat","embeddable":true,"href":"https:\/\/www.coquard.fr\/es\/wp-json\/wp\/v2\/product_cat?post=30565"},{"taxonomy":"product_tag","embeddable":true,"href":"https:\/\/www.coquard.fr\/es\/wp-json\/wp\/v2\/product_tag?post=30565"}],"curies":[{"name":"wp","href":"https:\/\/api.w.org\/{rel}","templated":true}]}}