{"id":30555,"date":"2020-07-17T10:17:16","date_gmt":"2020-07-17T08:17:16","guid":{"rendered":"https:\/\/www.coquard.fr\/produit\/iota-7-dl1-ferment-daffinage"},"modified":"2026-04-04T21:04:27","modified_gmt":"2026-04-04T19:04:27","slug":"iota-7-dl1-ferment-daffinage","status":"publish","type":"product","link":"https:\/\/www.coquard.fr\/es\/produit\/iota-7-dl1-ferment-daffinage","title":{"rendered":"IOTA 7 DL1 FERMENTO MICROCOCOS"},"content":{"rendered":"<p>Cultivo de afinado liofilizado que permite mejorar la prote\u00f3lisis, la lip\u00f3lisis y la textura en pastas prensadas, pastas blandas tradicionales y geles l\u00e1cticos. Composici\u00f3n: Enterococcus faecium. Un tubo de DL1 permite sembrar de 100 a 200 litros de leche. Fermento de siembra directa. Bolsita de 10 tubos DL1. Tarifa para un tubo. Descuento cuantitativo por 60 o 120 tubos.<\/p>\n","protected":false},"excerpt":{"rendered":"<p>30555<\/p>\n","protected":false},"featured_media":21455,"comment_status":"closed","ping_status":"closed","template":"","meta":{"_acf_changed":false},"product_brand":[],"product_cat":[1550],"product_tag":[],"class_list":{"0":"post-30555","1":"product","2":"type-product","3":"status-publish","4":"has-post-thumbnail","6":"product_cat-fermentos-lacticos-coquard","8":"first","9":"instock","10":"taxable","11":"shipping-taxable","12":"purchasable","13":"product-type-simple"},"acf":[],"_links":{"self":[{"href":"https:\/\/www.coquard.fr\/es\/wp-json\/wp\/v2\/product\/30555","targetHints":{"allow":["GET"]}}],"collection":[{"href":"https:\/\/www.coquard.fr\/es\/wp-json\/wp\/v2\/product"}],"about":[{"href":"https:\/\/www.coquard.fr\/es\/wp-json\/wp\/v2\/types\/product"}],"replies":[{"embeddable":true,"href":"https:\/\/www.coquard.fr\/es\/wp-json\/wp\/v2\/comments?post=30555"}],"wp:featuredmedia":[{"embeddable":true,"href":"https:\/\/www.coquard.fr\/es\/wp-json\/wp\/v2\/media\/21455"}],"wp:attachment":[{"href":"https:\/\/www.coquard.fr\/es\/wp-json\/wp\/v2\/media?parent=30555"}],"wp:term":[{"taxonomy":"product_brand","embeddable":true,"href":"https:\/\/www.coquard.fr\/es\/wp-json\/wp\/v2\/product_brand?post=30555"},{"taxonomy":"product_cat","embeddable":true,"href":"https:\/\/www.coquard.fr\/es\/wp-json\/wp\/v2\/product_cat?post=30555"},{"taxonomy":"product_tag","embeddable":true,"href":"https:\/\/www.coquard.fr\/es\/wp-json\/wp\/v2\/product_tag?post=30555"}],"curies":[{"name":"wp","href":"https:\/\/api.w.org\/{rel}","templated":true}]}}