{"id":30553,"date":"2020-07-17T10:17:13","date_gmt":"2020-07-17T08:17:13","guid":{"rendered":"https:\/\/www.coquard.fr\/produit\/iota-kefir-3-dl3-5-souche-pour-lait-fermente"},"modified":"2026-04-22T21:30:04","modified_gmt":"2026-04-22T19:30:04","slug":"iota-kefir-3-dl3-5-souche-pour-lait-fermente","status":"publish","type":"product","link":"https:\/\/www.coquard.fr\/es\/produit\/iota-kefir-3-dl3-5-souche-pour-lait-fermente","title":{"rendered":"IOTA KEFIR 3 DL3.5 PARA LECHE FERMENTADA"},"content":{"rendered":"<p>Mezcla de fermentos l\u00e1cticos liofilizados seleccionados procedentes de la flora natural de gr\u00e1nulos de K\u00e9fir. Para la elaboraci\u00f3n de leches fermentadas de tipo k\u00e9fir bastante suaves. Un frasco DL3,5 permite sembrar 150 litros de leche pasteurizada. Fermento de siembra directa. Tarifa para un frasco. Vendido por unidad. Descuento cuantitativo por 60 o 120 frascos.<\/p>\n","protected":false},"excerpt":{"rendered":"<p>30553<\/p>\n","protected":false},"featured_media":20780,"comment_status":"closed","ping_status":"closed","template":"","meta":{"_acf_changed":false},"product_brand":[],"product_cat":[1550],"product_tag":[],"class_list":{"0":"post-30553","1":"product","2":"type-product","3":"status-publish","4":"has-post-thumbnail","6":"product_cat-fermentos-lacticos-coquard","8":"first","9":"instock","10":"taxable","11":"shipping-taxable","12":"purchasable","13":"product-type-simple"},"acf":[],"_links":{"self":[{"href":"https:\/\/www.coquard.fr\/es\/wp-json\/wp\/v2\/product\/30553","targetHints":{"allow":["GET"]}}],"collection":[{"href":"https:\/\/www.coquard.fr\/es\/wp-json\/wp\/v2\/product"}],"about":[{"href":"https:\/\/www.coquard.fr\/es\/wp-json\/wp\/v2\/types\/product"}],"replies":[{"embeddable":true,"href":"https:\/\/www.coquard.fr\/es\/wp-json\/wp\/v2\/comments?post=30553"}],"wp:featuredmedia":[{"embeddable":true,"href":"https:\/\/www.coquard.fr\/es\/wp-json\/wp\/v2\/media\/20780"}],"wp:attachment":[{"href":"https:\/\/www.coquard.fr\/es\/wp-json\/wp\/v2\/media?parent=30553"}],"wp:term":[{"taxonomy":"product_brand","embeddable":true,"href":"https:\/\/www.coquard.fr\/es\/wp-json\/wp\/v2\/product_brand?post=30553"},{"taxonomy":"product_cat","embeddable":true,"href":"https:\/\/www.coquard.fr\/es\/wp-json\/wp\/v2\/product_cat?post=30553"},{"taxonomy":"product_tag","embeddable":true,"href":"https:\/\/www.coquard.fr\/es\/wp-json\/wp\/v2\/product_tag?post=30553"}],"curies":[{"name":"wp","href":"https:\/\/api.w.org\/{rel}","templated":true}]}}