{"id":30551,"date":"2020-07-17T10:17:09","date_gmt":"2020-07-17T08:17:09","guid":{"rendered":"https:\/\/www.coquard.fr\/produit\/iota-kefir-3-dl1-souche-pour-lait-fermente"},"modified":"2026-04-29T21:27:44","modified_gmt":"2026-04-29T19:27:44","slug":"iota-kefir-3-dl1-souche-pour-lait-fermente","status":"publish","type":"product","link":"https:\/\/www.coquard.fr\/es\/produit\/iota-kefir-3-dl1-souche-pour-lait-fermente","title":{"rendered":"IOTA KEFIR 3 DL1 PARA LECHE FERMENTADA"},"content":{"rendered":"<p>Mezcla de fermentos l\u00e1cticos liofilizados seleccionados procedentes de la flora natural de gr\u00e1nulos de K\u00e9fir. Para la elaboraci\u00f3n de leches fermentadas de tipo k\u00e9fir bastante suaves. Un tubo DL1 permite sembrar 20 litros de leche pasteurizada. Fermento de siembra directa. Bolsita de 10 tubos DL1. Tarifa para un tubo. Descuento cuantitativo por 60 o 120 tubos.<\/p>\n","protected":false},"excerpt":{"rendered":"<p>30551<\/p>\n","protected":false},"featured_media":21143,"comment_status":"closed","ping_status":"closed","template":"","meta":{"_acf_changed":false},"product_brand":[],"product_cat":[1550],"product_tag":[],"class_list":{"0":"post-30551","1":"product","2":"type-product","3":"status-publish","4":"has-post-thumbnail","6":"product_cat-fermentos-lacticos-coquard","8":"first","9":"instock","10":"taxable","11":"shipping-taxable","12":"purchasable","13":"product-type-simple"},"acf":[],"_links":{"self":[{"href":"https:\/\/www.coquard.fr\/es\/wp-json\/wp\/v2\/product\/30551","targetHints":{"allow":["GET"]}}],"collection":[{"href":"https:\/\/www.coquard.fr\/es\/wp-json\/wp\/v2\/product"}],"about":[{"href":"https:\/\/www.coquard.fr\/es\/wp-json\/wp\/v2\/types\/product"}],"replies":[{"embeddable":true,"href":"https:\/\/www.coquard.fr\/es\/wp-json\/wp\/v2\/comments?post=30551"}],"wp:featuredmedia":[{"embeddable":true,"href":"https:\/\/www.coquard.fr\/es\/wp-json\/wp\/v2\/media\/21143"}],"wp:attachment":[{"href":"https:\/\/www.coquard.fr\/es\/wp-json\/wp\/v2\/media?parent=30551"}],"wp:term":[{"taxonomy":"product_brand","embeddable":true,"href":"https:\/\/www.coquard.fr\/es\/wp-json\/wp\/v2\/product_brand?post=30551"},{"taxonomy":"product_cat","embeddable":true,"href":"https:\/\/www.coquard.fr\/es\/wp-json\/wp\/v2\/product_cat?post=30551"},{"taxonomy":"product_tag","embeddable":true,"href":"https:\/\/www.coquard.fr\/es\/wp-json\/wp\/v2\/product_tag?post=30551"}],"curies":[{"name":"wp","href":"https:\/\/api.w.org\/{rel}","templated":true}]}}