{"id":30543,"date":"2020-07-17T10:16:59","date_gmt":"2020-07-17T08:16:59","guid":{"rendered":"https:\/\/www.coquard.fr\/produit\/iota-v-dl1-ferment-type-vacherin-v"},"modified":"2026-04-22T21:18:40","modified_gmt":"2026-04-22T19:18:40","slug":"iota-v-dl1-ferment-type-vacherin-v","status":"publish","type":"product","link":"https:\/\/www.coquard.fr\/es\/produit\/iota-v-dl1-ferment-type-vacherin-v","title":{"rendered":"IOTA V DL1 FERMENTO TIPO VACHERIN"},"content":{"rendered":"<p>Mezcla de fermentos l\u00e1cticos liofilizados term\u00f3filos y de fermentos de maduraci\u00f3n para los quesos de pasta blanda de tipo Vacherin. Composici\u00f3n: fermentos term\u00f3filos, micrococos, Geotrichum candidum, levaduras. Acidificaci\u00f3n lenta y limitada. Cobertura de superficie de color crema ligeramente blanquecina. Un tubo DL1 permite sembrar 100 litros de leche cruda. Fermento de siembra directa. Bolsita de 10 tubos DL1. Tarifa para un tubo. Descuento cuantitativo por 60 o 120 tubos.<\/p>\n","protected":false},"excerpt":{"rendered":"<p>30543<\/p>\n","protected":false},"featured_media":21140,"comment_status":"closed","ping_status":"closed","template":"","meta":{"_acf_changed":false},"product_brand":[],"product_cat":[1550],"product_tag":[],"class_list":{"0":"post-30543","1":"product","2":"type-product","3":"status-publish","4":"has-post-thumbnail","6":"product_cat-fermentos-lacticos-coquard","8":"first","9":"instock","10":"taxable","11":"shipping-taxable","12":"purchasable","13":"product-type-simple"},"acf":[],"_links":{"self":[{"href":"https:\/\/www.coquard.fr\/es\/wp-json\/wp\/v2\/product\/30543","targetHints":{"allow":["GET"]}}],"collection":[{"href":"https:\/\/www.coquard.fr\/es\/wp-json\/wp\/v2\/product"}],"about":[{"href":"https:\/\/www.coquard.fr\/es\/wp-json\/wp\/v2\/types\/product"}],"replies":[{"embeddable":true,"href":"https:\/\/www.coquard.fr\/es\/wp-json\/wp\/v2\/comments?post=30543"}],"wp:featuredmedia":[{"embeddable":true,"href":"https:\/\/www.coquard.fr\/es\/wp-json\/wp\/v2\/media\/21140"}],"wp:attachment":[{"href":"https:\/\/www.coquard.fr\/es\/wp-json\/wp\/v2\/media?parent=30543"}],"wp:term":[{"taxonomy":"product_brand","embeddable":true,"href":"https:\/\/www.coquard.fr\/es\/wp-json\/wp\/v2\/product_brand?post=30543"},{"taxonomy":"product_cat","embeddable":true,"href":"https:\/\/www.coquard.fr\/es\/wp-json\/wp\/v2\/product_cat?post=30543"},{"taxonomy":"product_tag","embeddable":true,"href":"https:\/\/www.coquard.fr\/es\/wp-json\/wp\/v2\/product_tag?post=30543"}],"curies":[{"name":"wp","href":"https:\/\/api.w.org\/{rel}","templated":true}]}}