{"id":30537,"date":"2021-06-16T23:00:35","date_gmt":"2021-06-16T21:00:35","guid":{"rendered":"https:\/\/www.coquard.fr\/produit\/iota-ff2-dl3-5-ferment-fromage-frais"},"modified":"2026-04-22T21:10:00","modified_gmt":"2026-04-22T19:10:00","slug":"iota-ff2-dl3-5-ferment-fromage-frais","status":"publish","type":"product","link":"https:\/\/www.coquard.fr\/es\/produit\/iota-ff2-dl3-5-ferment-fromage-frais","title":{"rendered":"IOTA FF2 DL3.5 FERMENTO QUESO FRESCO"},"content":{"rendered":"<p>Mezcla de fermentos l\u00e1cticos liofilizados mes\u00f3filos y homofermentativos y de fermentos de protecci\u00f3n contra levaduras y mohos. Uso para los quesos frescos y semifrescos con vida \u00fatil aumentada. Un tubo DL3,5 permite sembrar de 350 a 700 litros de leche. Fermento de siembra directa. Tarifa para un frasco. Vendido por unidad. Descuento cuantitativo por 60 o 120 frascos.<\/p>\n","protected":false},"excerpt":{"rendered":"<p>30537<\/p>\n","protected":false},"featured_media":20766,"comment_status":"closed","ping_status":"closed","template":"","meta":{"_acf_changed":false},"product_brand":[],"product_cat":[1550],"product_tag":[],"class_list":{"0":"post-30537","1":"product","2":"type-product","3":"status-publish","4":"has-post-thumbnail","6":"product_cat-fermentos-lacticos-coquard","8":"first","9":"instock","10":"taxable","11":"shipping-taxable","12":"purchasable","13":"product-type-simple"},"acf":[],"_links":{"self":[{"href":"https:\/\/www.coquard.fr\/es\/wp-json\/wp\/v2\/product\/30537","targetHints":{"allow":["GET"]}}],"collection":[{"href":"https:\/\/www.coquard.fr\/es\/wp-json\/wp\/v2\/product"}],"about":[{"href":"https:\/\/www.coquard.fr\/es\/wp-json\/wp\/v2\/types\/product"}],"replies":[{"embeddable":true,"href":"https:\/\/www.coquard.fr\/es\/wp-json\/wp\/v2\/comments?post=30537"}],"wp:featuredmedia":[{"embeddable":true,"href":"https:\/\/www.coquard.fr\/es\/wp-json\/wp\/v2\/media\/20766"}],"wp:attachment":[{"href":"https:\/\/www.coquard.fr\/es\/wp-json\/wp\/v2\/media?parent=30537"}],"wp:term":[{"taxonomy":"product_brand","embeddable":true,"href":"https:\/\/www.coquard.fr\/es\/wp-json\/wp\/v2\/product_brand?post=30537"},{"taxonomy":"product_cat","embeddable":true,"href":"https:\/\/www.coquard.fr\/es\/wp-json\/wp\/v2\/product_cat?post=30537"},{"taxonomy":"product_tag","embeddable":true,"href":"https:\/\/www.coquard.fr\/es\/wp-json\/wp\/v2\/product_tag?post=30537"}],"curies":[{"name":"wp","href":"https:\/\/api.w.org\/{rel}","templated":true}]}}