{"id":30531,"date":"2020-07-17T10:16:50","date_gmt":"2020-07-17T08:16:50","guid":{"rendered":"https:\/\/www.coquard.fr\/produit\/iota-ff1-dl1-ferment-fromage-frais-ff"},"modified":"2026-04-22T21:06:09","modified_gmt":"2026-04-22T19:06:09","slug":"iota-ff1-dl1-ferment-fromage-frais-ff","status":"publish","type":"product","link":"https:\/\/www.coquard.fr\/es\/produit\/iota-ff1-dl1-ferment-fromage-frais-ff","title":{"rendered":"IOTA FF1 DL1 FERMENTO QUESO FRESCO"},"content":{"rendered":"<p>Mezcla de fermentos l\u00e1cticos liofilizados mes\u00f3filos y homofermentativos y de fermentos de protecci\u00f3n contra levaduras y mohos. Uso para los quesos frescos y semifrescos con vida \u00fatil aumentada. Un tubo de DL1 permite sembrar de 100 a 200 litros de leche. Fermento de siembra directa. Bolsita de 10 tubos DL1. Tarifa para un tubo. Descuento cuantitativo por 60 o 120 tubos.<\/p>\n","protected":false},"excerpt":{"rendered":"<p>30531<\/p>\n","protected":false},"featured_media":21320,"comment_status":"closed","ping_status":"closed","template":"","meta":{"_acf_changed":false},"product_brand":[],"product_cat":[1550],"product_tag":[],"class_list":{"0":"post-30531","1":"product","2":"type-product","3":"status-publish","4":"has-post-thumbnail","6":"product_cat-fermentos-lacticos-coquard","8":"first","9":"instock","10":"taxable","11":"shipping-taxable","12":"purchasable","13":"product-type-simple"},"acf":[],"_links":{"self":[{"href":"https:\/\/www.coquard.fr\/es\/wp-json\/wp\/v2\/product\/30531","targetHints":{"allow":["GET"]}}],"collection":[{"href":"https:\/\/www.coquard.fr\/es\/wp-json\/wp\/v2\/product"}],"about":[{"href":"https:\/\/www.coquard.fr\/es\/wp-json\/wp\/v2\/types\/product"}],"replies":[{"embeddable":true,"href":"https:\/\/www.coquard.fr\/es\/wp-json\/wp\/v2\/comments?post=30531"}],"wp:featuredmedia":[{"embeddable":true,"href":"https:\/\/www.coquard.fr\/es\/wp-json\/wp\/v2\/media\/21320"}],"wp:attachment":[{"href":"https:\/\/www.coquard.fr\/es\/wp-json\/wp\/v2\/media?parent=30531"}],"wp:term":[{"taxonomy":"product_brand","embeddable":true,"href":"https:\/\/www.coquard.fr\/es\/wp-json\/wp\/v2\/product_brand?post=30531"},{"taxonomy":"product_cat","embeddable":true,"href":"https:\/\/www.coquard.fr\/es\/wp-json\/wp\/v2\/product_cat?post=30531"},{"taxonomy":"product_tag","embeddable":true,"href":"https:\/\/www.coquard.fr\/es\/wp-json\/wp\/v2\/product_tag?post=30531"}],"curies":[{"name":"wp","href":"https:\/\/api.w.org\/{rel}","templated":true}]}}