{"id":30523,"date":"2020-07-17T10:16:41","date_gmt":"2020-07-17T08:16:41","guid":{"rendered":"https:\/\/www.coquard.fr\/produit\/iota-cl1-dl3-5-ferment-caille-lactique-cl"},"modified":"2026-04-22T21:02:33","modified_gmt":"2026-04-22T19:02:33","slug":"iota-cl1-dl3-5-ferment-caille-lactique-cl","status":"publish","type":"product","link":"https:\/\/www.coquard.fr\/es\/produit\/iota-cl1-dl3-5-ferment-caille-lactique-cl","title":{"rendered":"IOTA CL1 DL3.5 FERMENTO CUAJADA LACTICA"},"content":{"rendered":"<p>Mezcla de fermentos l\u00e1cticos liofilizados mes\u00f3filos y de fermentos de maduraci\u00f3n para los quesos de pasta blanda de tipo l\u00e1ctica. Permite sustituir el lactosuero por fermento l\u00e1ctico y flora de superficie. Composici\u00f3n: fermentos mes\u00f3filos, 3 levaduras y Geotrichum candidum (beige y liso). Uso para quesos de tipo Saint Marcellin, Picodon, Charolais, Rigotte, etc. Un tubo DL3,5 permite sembrar de 350 a 700 litros de leche. Fermento de siembra directa. Tarifa para un frasco. Vendido por unidad. Descuento cuantitativo por 60 o 120 frascos.<\/p>\n","protected":false},"excerpt":{"rendered":"<p>30523<\/p>\n","protected":false},"featured_media":21896,"comment_status":"closed","ping_status":"closed","template":"","meta":{"_acf_changed":false},"product_brand":[],"product_cat":[1550],"product_tag":[],"class_list":{"0":"post-30523","1":"product","2":"type-product","3":"status-publish","4":"has-post-thumbnail","6":"product_cat-fermentos-lacticos-coquard","8":"first","9":"instock","10":"taxable","11":"shipping-taxable","12":"purchasable","13":"product-type-simple"},"acf":[],"_links":{"self":[{"href":"https:\/\/www.coquard.fr\/es\/wp-json\/wp\/v2\/product\/30523","targetHints":{"allow":["GET"]}}],"collection":[{"href":"https:\/\/www.coquard.fr\/es\/wp-json\/wp\/v2\/product"}],"about":[{"href":"https:\/\/www.coquard.fr\/es\/wp-json\/wp\/v2\/types\/product"}],"replies":[{"embeddable":true,"href":"https:\/\/www.coquard.fr\/es\/wp-json\/wp\/v2\/comments?post=30523"}],"wp:featuredmedia":[{"embeddable":true,"href":"https:\/\/www.coquard.fr\/es\/wp-json\/wp\/v2\/media\/21896"}],"wp:attachment":[{"href":"https:\/\/www.coquard.fr\/es\/wp-json\/wp\/v2\/media?parent=30523"}],"wp:term":[{"taxonomy":"product_brand","embeddable":true,"href":"https:\/\/www.coquard.fr\/es\/wp-json\/wp\/v2\/product_brand?post=30523"},{"taxonomy":"product_cat","embeddable":true,"href":"https:\/\/www.coquard.fr\/es\/wp-json\/wp\/v2\/product_cat?post=30523"},{"taxonomy":"product_tag","embeddable":true,"href":"https:\/\/www.coquard.fr\/es\/wp-json\/wp\/v2\/product_tag?post=30523"}],"curies":[{"name":"wp","href":"https:\/\/api.w.org\/{rel}","templated":true}]}}