{"id":30517,"date":"2020-07-17T10:16:33","date_gmt":"2020-07-17T08:16:33","guid":{"rendered":"https:\/\/www.coquard.fr\/produit\/iota-ca-4-dl3-5-ferment-type-camembert"},"modified":"2026-04-22T21:00:57","modified_gmt":"2026-04-22T19:00:57","slug":"iota-ca-4-dl3-5-ferment-type-camembert","status":"publish","type":"product","link":"https:\/\/www.coquard.fr\/es\/produit\/iota-ca-4-dl3-5-ferment-type-camembert","title":{"rendered":"IOTA CA\/4 DL3.5 FERMENTO TIPO CAMEMBERT"},"content":{"rendered":"<p>Mezcla de fermentos liofilizados l\u00e1cteos mes\u00f3filos y term\u00f3filos y de fermentos de maduraci\u00f3n espec\u00edficos para la elaboraci\u00f3n del Camembert salvo flora de superficie. Uso para una elaboraci\u00f3n de tipo Camembert tradicional, gusto artesano y muy caracter\u00edstico. Un frasco de DL3,5 permite sembrar de 350 a 700 litros de leche. Fermento de siembra directa. Tarifa para un frasco. Vendido por unidad. Descuento cuantitativo por 60 o 120 frascos.<\/p>\n","protected":false},"excerpt":{"rendered":"<p>30517<\/p>\n","protected":false},"featured_media":20753,"comment_status":"closed","ping_status":"closed","template":"","meta":{"_acf_changed":false},"product_brand":[],"product_cat":[1550],"product_tag":[],"class_list":{"0":"post-30517","1":"product","2":"type-product","3":"status-publish","4":"has-post-thumbnail","6":"product_cat-fermentos-lacticos-coquard","8":"first","9":"instock","10":"taxable","11":"shipping-taxable","12":"purchasable","13":"product-type-simple"},"acf":[],"_links":{"self":[{"href":"https:\/\/www.coquard.fr\/es\/wp-json\/wp\/v2\/product\/30517","targetHints":{"allow":["GET"]}}],"collection":[{"href":"https:\/\/www.coquard.fr\/es\/wp-json\/wp\/v2\/product"}],"about":[{"href":"https:\/\/www.coquard.fr\/es\/wp-json\/wp\/v2\/types\/product"}],"replies":[{"embeddable":true,"href":"https:\/\/www.coquard.fr\/es\/wp-json\/wp\/v2\/comments?post=30517"}],"wp:featuredmedia":[{"embeddable":true,"href":"https:\/\/www.coquard.fr\/es\/wp-json\/wp\/v2\/media\/20753"}],"wp:attachment":[{"href":"https:\/\/www.coquard.fr\/es\/wp-json\/wp\/v2\/media?parent=30517"}],"wp:term":[{"taxonomy":"product_brand","embeddable":true,"href":"https:\/\/www.coquard.fr\/es\/wp-json\/wp\/v2\/product_brand?post=30517"},{"taxonomy":"product_cat","embeddable":true,"href":"https:\/\/www.coquard.fr\/es\/wp-json\/wp\/v2\/product_cat?post=30517"},{"taxonomy":"product_tag","embeddable":true,"href":"https:\/\/www.coquard.fr\/es\/wp-json\/wp\/v2\/product_tag?post=30517"}],"curies":[{"name":"wp","href":"https:\/\/api.w.org\/{rel}","templated":true}]}}