{"id":30489,"date":"2020-07-17T10:15:55","date_gmt":"2020-07-17T08:15:55","guid":{"rendered":"https:\/\/www.coquard.fr\/produit\/iota-2-dl1-ferment-propionique"},"modified":"2026-04-14T22:55:51","modified_gmt":"2026-04-14T20:55:51","slug":"iota-2-dl1-ferment-propionique","status":"publish","type":"product","link":"https:\/\/www.coquard.fr\/es\/produit\/iota-2-dl1-ferment-propionique","title":{"rendered":"IOTA 2 DL1 FERMENTO PROPIONICO"},"content":{"rendered":"<p>Mezcla de fermentos propi\u00f3nicos liofilizados no gas\u00f3geno para la elaboraci\u00f3n de queso de pasta prensada cocida y no cocida. Permite aporta el sabor tipo \u00ab\u00a0Gruyere\u00a0\u00bb, sin generar ojos. Un tubo de DL1 permite sembrar de 250 a 500 litros de leche. Fermento de siembra directa. Bolsita de 10 tubos DL1. Tarifa para un tubo. Descuento cuantitativo por 60 o 120 tubos.<\/p>\n","protected":false},"excerpt":{"rendered":"<p>30489<\/p>\n","protected":false},"featured_media":20729,"comment_status":"closed","ping_status":"closed","template":"","meta":{"_acf_changed":false},"product_brand":[],"product_cat":[1550],"product_tag":[],"class_list":{"0":"post-30489","1":"product","2":"type-product","3":"status-publish","4":"has-post-thumbnail","6":"product_cat-fermentos-lacticos-coquard","8":"first","9":"instock","10":"taxable","11":"shipping-taxable","12":"purchasable","13":"product-type-simple"},"acf":[],"_links":{"self":[{"href":"https:\/\/www.coquard.fr\/es\/wp-json\/wp\/v2\/product\/30489","targetHints":{"allow":["GET"]}}],"collection":[{"href":"https:\/\/www.coquard.fr\/es\/wp-json\/wp\/v2\/product"}],"about":[{"href":"https:\/\/www.coquard.fr\/es\/wp-json\/wp\/v2\/types\/product"}],"replies":[{"embeddable":true,"href":"https:\/\/www.coquard.fr\/es\/wp-json\/wp\/v2\/comments?post=30489"}],"wp:featuredmedia":[{"embeddable":true,"href":"https:\/\/www.coquard.fr\/es\/wp-json\/wp\/v2\/media\/20729"}],"wp:attachment":[{"href":"https:\/\/www.coquard.fr\/es\/wp-json\/wp\/v2\/media?parent=30489"}],"wp:term":[{"taxonomy":"product_brand","embeddable":true,"href":"https:\/\/www.coquard.fr\/es\/wp-json\/wp\/v2\/product_brand?post=30489"},{"taxonomy":"product_cat","embeddable":true,"href":"https:\/\/www.coquard.fr\/es\/wp-json\/wp\/v2\/product_cat?post=30489"},{"taxonomy":"product_tag","embeddable":true,"href":"https:\/\/www.coquard.fr\/es\/wp-json\/wp\/v2\/product_tag?post=30489"}],"curies":[{"name":"wp","href":"https:\/\/api.w.org\/{rel}","templated":true}]}}