{"id":30477,"date":"2020-07-17T10:15:40","date_gmt":"2020-07-17T08:15:40","guid":{"rendered":"https:\/\/www.coquard.fr\/produit\/delta-pm1-dl1-ferment-thermophile"},"modified":"2026-04-03T21:01:50","modified_gmt":"2026-04-03T19:01:50","slug":"delta-pm1-dl1-ferment-thermophile","status":"publish","type":"product","link":"https:\/\/www.coquard.fr\/es\/produit\/delta-pm1-dl1-ferment-thermophile","title":{"rendered":"DELTA PM1 DL1 FERMENTO TERMOFILO"},"content":{"rendered":"<p>Fermento l\u00e1ctico term\u00f3filo liofilizado para pasta blanda y pasta prensada no cocida. Cepa r\u00e1pida. Fermento de siembra directa. Cultivo de Streptococcus thermophilus. Un tubo DL1 permite sembrar 100 litros de leche pasteurizada o 200 litros de leche cruda. Bolsita de 10 tubos DL1. Tarifa para un tubo. Descuento cuantitativo por 60 y 120 tubos.<\/p>\n","protected":false},"excerpt":{"rendered":"<p>30477<\/p>\n","protected":false},"featured_media":20720,"comment_status":"closed","ping_status":"closed","template":"","meta":{"_acf_changed":false},"product_brand":[],"product_cat":[1550],"product_tag":[],"class_list":{"0":"post-30477","1":"product","2":"type-product","3":"status-publish","4":"has-post-thumbnail","6":"product_cat-fermentos-lacticos-coquard","8":"first","9":"instock","10":"taxable","11":"shipping-taxable","12":"purchasable","13":"product-type-simple"},"acf":[],"_links":{"self":[{"href":"https:\/\/www.coquard.fr\/es\/wp-json\/wp\/v2\/product\/30477","targetHints":{"allow":["GET"]}}],"collection":[{"href":"https:\/\/www.coquard.fr\/es\/wp-json\/wp\/v2\/product"}],"about":[{"href":"https:\/\/www.coquard.fr\/es\/wp-json\/wp\/v2\/types\/product"}],"replies":[{"embeddable":true,"href":"https:\/\/www.coquard.fr\/es\/wp-json\/wp\/v2\/comments?post=30477"}],"wp:featuredmedia":[{"embeddable":true,"href":"https:\/\/www.coquard.fr\/es\/wp-json\/wp\/v2\/media\/20720"}],"wp:attachment":[{"href":"https:\/\/www.coquard.fr\/es\/wp-json\/wp\/v2\/media?parent=30477"}],"wp:term":[{"taxonomy":"product_brand","embeddable":true,"href":"https:\/\/www.coquard.fr\/es\/wp-json\/wp\/v2\/product_brand?post=30477"},{"taxonomy":"product_cat","embeddable":true,"href":"https:\/\/www.coquard.fr\/es\/wp-json\/wp\/v2\/product_cat?post=30477"},{"taxonomy":"product_tag","embeddable":true,"href":"https:\/\/www.coquard.fr\/es\/wp-json\/wp\/v2\/product_tag?post=30477"}],"curies":[{"name":"wp","href":"https:\/\/api.w.org\/{rel}","templated":true}]}}