{"id":30453,"date":"2020-07-17T10:15:11","date_gmt":"2020-07-17T08:15:11","guid":{"rendered":"https:\/\/www.coquard.fr\/produit\/beta-5-dl1-ferment-mesophile"},"modified":"2026-04-14T21:38:48","modified_gmt":"2026-04-14T19:38:48","slug":"beta-5-dl1-ferment-mesophile","status":"publish","type":"product","link":"https:\/\/www.coquard.fr\/es\/produit\/beta-5-dl1-ferment-mesophile","title":{"rendered":"BETA 5 DL1 FERMENTO MESOFILO"},"content":{"rendered":"<p>Fermento l\u00e1ctico mes\u00f3filo liofilizado \u00fanicamente acidificante (100\u00a0% homofermentativo) utilizado para las pastas prensadas sin ojos, las pastas blandas, los geles l\u00e1cticos y los quesos frescos. Nueva cepa m\u00e1s arom\u00e1tica y m\u00e1s resistente a los bacteri\u00f3fagos. Fermento de siembra directa. Un tubo DL1 permite sembrar 100 litros de leche pasteurizada o 200 litros de leche cruda. Bolsita de 10 tubos DL1. Tarifa para un tubo. Descuento cuantitativo por 60 o 120 tubos.<\/p>\n","protected":false},"excerpt":{"rendered":"<p>30453<\/p>\n","protected":false},"featured_media":20702,"comment_status":"closed","ping_status":"closed","template":"","meta":{"_acf_changed":false},"product_brand":[],"product_cat":[1550],"product_tag":[],"class_list":{"0":"post-30453","1":"product","2":"type-product","3":"status-publish","4":"has-post-thumbnail","6":"product_cat-fermentos-lacticos-coquard","8":"first","9":"instock","10":"taxable","11":"shipping-taxable","12":"purchasable","13":"product-type-simple"},"acf":[],"_links":{"self":[{"href":"https:\/\/www.coquard.fr\/es\/wp-json\/wp\/v2\/product\/30453","targetHints":{"allow":["GET"]}}],"collection":[{"href":"https:\/\/www.coquard.fr\/es\/wp-json\/wp\/v2\/product"}],"about":[{"href":"https:\/\/www.coquard.fr\/es\/wp-json\/wp\/v2\/types\/product"}],"replies":[{"embeddable":true,"href":"https:\/\/www.coquard.fr\/es\/wp-json\/wp\/v2\/comments?post=30453"}],"wp:featuredmedia":[{"embeddable":true,"href":"https:\/\/www.coquard.fr\/es\/wp-json\/wp\/v2\/media\/20702"}],"wp:attachment":[{"href":"https:\/\/www.coquard.fr\/es\/wp-json\/wp\/v2\/media?parent=30453"}],"wp:term":[{"taxonomy":"product_brand","embeddable":true,"href":"https:\/\/www.coquard.fr\/es\/wp-json\/wp\/v2\/product_brand?post=30453"},{"taxonomy":"product_cat","embeddable":true,"href":"https:\/\/www.coquard.fr\/es\/wp-json\/wp\/v2\/product_cat?post=30453"},{"taxonomy":"product_tag","embeddable":true,"href":"https:\/\/www.coquard.fr\/es\/wp-json\/wp\/v2\/product_tag?post=30453"}],"curies":[{"name":"wp","href":"https:\/\/api.w.org\/{rel}","templated":true}]}}