{"id":30445,"date":"2020-07-17T10:15:02","date_gmt":"2020-07-17T08:15:02","guid":{"rendered":"https:\/\/www.coquard.fr\/produit\/alpha-bleu-1-dl1-ferment-mesophile"},"modified":"2026-04-28T21:27:17","modified_gmt":"2026-04-28T19:27:17","slug":"alpha-bleu-1-dl1-ferment-mesophile","status":"publish","type":"product","link":"https:\/\/www.coquard.fr\/es\/produit\/alpha-bleu-1-dl1-ferment-mesophile","title":{"rendered":"ALPHA BLEU 1 DL1 FERMENTO MESOFILO"},"content":{"rendered":"<p>Fermento l\u00e1ctico mes\u00f3filo acidificante y heterofermentativo liofilizado utilizado para la elaboraci\u00f3n de pasta azul, pasta blanda y gel l\u00e1ctico. Constituido de cepas productoras de gas, especialmente adaptado para crear ojos en los quesos de pasta azul. Un frasco DL1 permite sembrar 100 litros de leche pasteurizada o 200 litros de leche cruda. Fermento de siembra directa. Tarifa para un frasco DL1. Bolsita de 10 tubos DL1. Descuento cuantitativo por 60 o 120 tubos.<\/p>\n","protected":false},"excerpt":{"rendered":"<p>30445<\/p>\n","protected":false},"featured_media":20696,"comment_status":"closed","ping_status":"closed","template":"","meta":{"_acf_changed":false},"product_brand":[],"product_cat":[1550],"product_tag":[],"class_list":{"0":"post-30445","1":"product","2":"type-product","3":"status-publish","4":"has-post-thumbnail","6":"product_cat-fermentos-lacticos-coquard","8":"first","9":"instock","10":"taxable","11":"shipping-taxable","12":"purchasable","13":"product-type-simple"},"acf":[],"_links":{"self":[{"href":"https:\/\/www.coquard.fr\/es\/wp-json\/wp\/v2\/product\/30445","targetHints":{"allow":["GET"]}}],"collection":[{"href":"https:\/\/www.coquard.fr\/es\/wp-json\/wp\/v2\/product"}],"about":[{"href":"https:\/\/www.coquard.fr\/es\/wp-json\/wp\/v2\/types\/product"}],"replies":[{"embeddable":true,"href":"https:\/\/www.coquard.fr\/es\/wp-json\/wp\/v2\/comments?post=30445"}],"wp:featuredmedia":[{"embeddable":true,"href":"https:\/\/www.coquard.fr\/es\/wp-json\/wp\/v2\/media\/20696"}],"wp:attachment":[{"href":"https:\/\/www.coquard.fr\/es\/wp-json\/wp\/v2\/media?parent=30445"}],"wp:term":[{"taxonomy":"product_brand","embeddable":true,"href":"https:\/\/www.coquard.fr\/es\/wp-json\/wp\/v2\/product_brand?post=30445"},{"taxonomy":"product_cat","embeddable":true,"href":"https:\/\/www.coquard.fr\/es\/wp-json\/wp\/v2\/product_cat?post=30445"},{"taxonomy":"product_tag","embeddable":true,"href":"https:\/\/www.coquard.fr\/es\/wp-json\/wp\/v2\/product_tag?post=30445"}],"curies":[{"name":"wp","href":"https:\/\/api.w.org\/{rel}","templated":true}]}}