{"id":30437,"date":"2020-07-17T10:14:52","date_gmt":"2020-07-17T08:14:52","guid":{"rendered":"https:\/\/www.coquard.fr\/produit\/alpha-10-dl1-ferment-mesophile"},"modified":"2026-04-21T21:19:37","modified_gmt":"2026-04-21T19:19:37","slug":"alpha-10-dl1-ferment-mesophile","status":"publish","type":"product","link":"https:\/\/www.coquard.fr\/es\/produit\/alpha-10-dl1-ferment-mesophile","title":{"rendered":"ALPHA 10 DL1 FERMENTO MESOFILO"},"content":{"rendered":"<p>Fermento l\u00e1ctico mes\u00f3filo liofilizado para la elaboraci\u00f3n de pasta blanda, gel l\u00e1ctico, queso fresco y nata madurada. Fermento compuesto de 2\/3 acidificantes (homofermentativo), 1\/3 arom\u00e1ticas (heterofermentativo). Un tubo DL1 permite sembrar 100 litros de leche pasteurizada o 200 litros de leche cruda. Para las natas maduradas, 1 tubo DL1 permite sembrar 50 litros de nata pasteurizada. Fermento de siembra directa. Bolsita de 10 tubos. Tarifa para un tubo DL1. Descuento cuantitativo por 60 o 120 tubos.<\/p>\n","protected":false},"excerpt":{"rendered":"<p>30437<\/p>\n","protected":false},"featured_media":20690,"comment_status":"closed","ping_status":"closed","template":"","meta":{"_acf_changed":false},"product_brand":[],"product_cat":[1550],"product_tag":[],"class_list":{"0":"post-30437","1":"product","2":"type-product","3":"status-publish","4":"has-post-thumbnail","6":"product_cat-fermentos-lacticos-coquard","8":"first","9":"instock","10":"taxable","11":"shipping-taxable","12":"purchasable","13":"product-type-simple"},"acf":[],"_links":{"self":[{"href":"https:\/\/www.coquard.fr\/es\/wp-json\/wp\/v2\/product\/30437","targetHints":{"allow":["GET"]}}],"collection":[{"href":"https:\/\/www.coquard.fr\/es\/wp-json\/wp\/v2\/product"}],"about":[{"href":"https:\/\/www.coquard.fr\/es\/wp-json\/wp\/v2\/types\/product"}],"replies":[{"embeddable":true,"href":"https:\/\/www.coquard.fr\/es\/wp-json\/wp\/v2\/comments?post=30437"}],"wp:featuredmedia":[{"embeddable":true,"href":"https:\/\/www.coquard.fr\/es\/wp-json\/wp\/v2\/media\/20690"}],"wp:attachment":[{"href":"https:\/\/www.coquard.fr\/es\/wp-json\/wp\/v2\/media?parent=30437"}],"wp:term":[{"taxonomy":"product_brand","embeddable":true,"href":"https:\/\/www.coquard.fr\/es\/wp-json\/wp\/v2\/product_brand?post=30437"},{"taxonomy":"product_cat","embeddable":true,"href":"https:\/\/www.coquard.fr\/es\/wp-json\/wp\/v2\/product_cat?post=30437"},{"taxonomy":"product_tag","embeddable":true,"href":"https:\/\/www.coquard.fr\/es\/wp-json\/wp\/v2\/product_tag?post=30437"}],"curies":[{"name":"wp","href":"https:\/\/api.w.org\/{rel}","templated":true}]}}