{"id":74335,"date":"2026-01-26T11:48:36","date_gmt":"2026-01-26T10:48:36","guid":{"rendered":"https:\/\/www.coquard.fr\/produit\/paquet-de-10-fils-pour-lyres-17-cm"},"modified":"2026-01-30T13:49:32","modified_gmt":"2026-01-30T12:49:32","slug":"paquet-de-10-fils-pour-lyres-17-cm","status":"publish","type":"product","link":"https:\/\/www.coquard.fr\/en\/produit\/paquet-de-10-fils-pour-lyres-17-cm","title":{"rendered":"PAQUET DE 10 FILS POUR LYRES 17 CM"},"content":{"rendered":"<p>Pochette de 10 fils inox pour lyre 17 cm r\u00e9f\u00e9rence 040GAA. Pour d\u00e9coupe beurre et fromage. Prix par 10 fils. <\/p>\n","protected":false},"excerpt":{"rendered":"<p>74335<\/p>\n","protected":false},"featured_media":74338,"comment_status":"closed","ping_status":"closed","template":"","meta":{"_acf_changed":false},"product_brand":[],"product_cat":[1647],"product_tag":[],"class_list":{"0":"post-74335","1":"product","2":"type-product","3":"status-publish","4":"has-post-thumbnail","6":"product_cat-cutting-equipment","8":"first","9":"instock","10":"taxable","11":"shipping-taxable","12":"purchasable","13":"product-type-simple"},"acf":[],"_links":{"self":[{"href":"https:\/\/www.coquard.fr\/en\/wp-json\/wp\/v2\/product\/74335","targetHints":{"allow":["GET"]}}],"collection":[{"href":"https:\/\/www.coquard.fr\/en\/wp-json\/wp\/v2\/product"}],"about":[{"href":"https:\/\/www.coquard.fr\/en\/wp-json\/wp\/v2\/types\/product"}],"replies":[{"embeddable":true,"href":"https:\/\/www.coquard.fr\/en\/wp-json\/wp\/v2\/comments?post=74335"}],"wp:featuredmedia":[{"embeddable":true,"href":"https:\/\/www.coquard.fr\/en\/wp-json\/wp\/v2\/media\/74338"}],"wp:attachment":[{"href":"https:\/\/www.coquard.fr\/en\/wp-json\/wp\/v2\/media?parent=74335"}],"wp:term":[{"taxonomy":"product_brand","embeddable":true,"href":"https:\/\/www.coquard.fr\/en\/wp-json\/wp\/v2\/product_brand?post=74335"},{"taxonomy":"product_cat","embeddable":true,"href":"https:\/\/www.coquard.fr\/en\/wp-json\/wp\/v2\/product_cat?post=74335"},{"taxonomy":"product_tag","embeddable":true,"href":"https:\/\/www.coquard.fr\/en\/wp-json\/wp\/v2\/product_tag?post=74335"}],"curies":[{"name":"wp","href":"https:\/\/api.w.org\/{rel}","templated":true}]}}