{"id":74251,"date":"2026-01-23T15:41:37","date_gmt":"2026-01-23T14:41:37","guid":{"rendered":"https:\/\/www.coquard.fr\/produit\/passe-paroi-sms-51-male-male-avec-2-toles-a-visser"},"modified":"2026-04-25T22:09:06","modified_gmt":"2026-04-25T20:09:06","slug":"passe-paroi-sms-51-male-male-avec-2-toles-a-visser","status":"publish","type":"product","link":"https:\/\/www.coquard.fr\/en\/produit\/passe-paroi-sms-51-male-male-avec-2-toles-a-visser","title":{"rendered":"PASSE PAROI SMS 51 MALE \/ MALE AVEC 2 TOLES A VISSER"},"content":{"rendered":"<p>Passe paroi en inox, longueur 160 mm pour paroi \u00e9paisseur 100 mm maxi. Pour traverser une cloison proprement pour le transfert du lait dans la laiterie ou dans la fromagerie. Entr\u00e9es SMS 51 M\u00e2le. Comprend 2 t\u00f4les pour fermer la paroi. Une soud\u00e9e sur le tube et \u00e0 visser dans la paroi, l&#8217;autre en 2 parties libres non soud\u00e9es \u00e0 visser dans la paroi apr\u00e8s mise en place compl\u00e8te. Joints non fournis.<\/p>\n","protected":false},"excerpt":{"rendered":"<p>74251<\/p>\n","protected":false},"featured_media":74254,"comment_status":"closed","ping_status":"closed","template":"","meta":{"_acf_changed":false},"product_brand":[],"product_cat":[1517],"product_tag":[],"class_list":{"0":"post-74251","1":"product","2":"type-product","3":"status-publish","4":"has-post-thumbnail","6":"product_cat-milk-transfer-pumps-couplings-and-pipes","8":"first","9":"instock","10":"taxable","11":"shipping-taxable","12":"purchasable","13":"product-type-simple"},"acf":[],"_links":{"self":[{"href":"https:\/\/www.coquard.fr\/en\/wp-json\/wp\/v2\/product\/74251","targetHints":{"allow":["GET"]}}],"collection":[{"href":"https:\/\/www.coquard.fr\/en\/wp-json\/wp\/v2\/product"}],"about":[{"href":"https:\/\/www.coquard.fr\/en\/wp-json\/wp\/v2\/types\/product"}],"replies":[{"embeddable":true,"href":"https:\/\/www.coquard.fr\/en\/wp-json\/wp\/v2\/comments?post=74251"}],"wp:featuredmedia":[{"embeddable":true,"href":"https:\/\/www.coquard.fr\/en\/wp-json\/wp\/v2\/media\/74254"}],"wp:attachment":[{"href":"https:\/\/www.coquard.fr\/en\/wp-json\/wp\/v2\/media?parent=74251"}],"wp:term":[{"taxonomy":"product_brand","embeddable":true,"href":"https:\/\/www.coquard.fr\/en\/wp-json\/wp\/v2\/product_brand?post=74251"},{"taxonomy":"product_cat","embeddable":true,"href":"https:\/\/www.coquard.fr\/en\/wp-json\/wp\/v2\/product_cat?post=74251"},{"taxonomy":"product_tag","embeddable":true,"href":"https:\/\/www.coquard.fr\/en\/wp-json\/wp\/v2\/product_tag?post=74251"}],"curies":[{"name":"wp","href":"https:\/\/api.w.org\/{rel}","templated":true}]}}