{"id":72823,"date":"2025-12-10T11:07:11","date_gmt":"2025-12-10T10:07:11","guid":{"rendered":"https:\/\/www.coquard.fr\/produit\/planche-a-decouper-600x400x20-mm"},"modified":"2026-03-31T09:16:00","modified_gmt":"2026-03-31T07:16:00","slug":"planche-a-decouper-600x400x20-mm","status":"publish","type":"product","link":"https:\/\/www.coquard.fr\/en\/produit\/planche-a-decouper-600x400x20-mm","title":{"rendered":"PLANCHE A DECOUPER 600X400X20 mm"},"content":{"rendered":"<p>Planche \u00e0 d\u00e9couper en PEHD lisse blanc. Avec patins anti glisse garantissant la stabilit\u00e9 de la planche. Facile \u00e0 nettoyer, passe en lave vaiselle. Dimensions 600 x 400 x 20 mm.<\/p>\n","protected":false},"excerpt":{"rendered":"<p>Planche \u00e0 d\u00e9couper en PEHD lisse blanc. Avec patins anti glisse garantissant la stabilit\u00e9 de la planche. Facile \u00e0 nettoyer, passe en lave vaiselle. Dimensions 600 x 400 x 20 mm.<\/p>\n","protected":false},"featured_media":72826,"comment_status":"closed","ping_status":"closed","template":"","meta":{"_acf_changed":false},"product_brand":[],"product_cat":[1647],"product_tag":[],"class_list":{"0":"post-72823","1":"product","2":"type-product","3":"status-publish","4":"has-post-thumbnail","6":"product_cat-cutting-equipment","8":"first","9":"instock","10":"taxable","11":"shipping-taxable","12":"purchasable","13":"product-type-simple"},"acf":[],"_links":{"self":[{"href":"https:\/\/www.coquard.fr\/en\/wp-json\/wp\/v2\/product\/72823","targetHints":{"allow":["GET"]}}],"collection":[{"href":"https:\/\/www.coquard.fr\/en\/wp-json\/wp\/v2\/product"}],"about":[{"href":"https:\/\/www.coquard.fr\/en\/wp-json\/wp\/v2\/types\/product"}],"replies":[{"embeddable":true,"href":"https:\/\/www.coquard.fr\/en\/wp-json\/wp\/v2\/comments?post=72823"}],"wp:featuredmedia":[{"embeddable":true,"href":"https:\/\/www.coquard.fr\/en\/wp-json\/wp\/v2\/media\/72826"}],"wp:attachment":[{"href":"https:\/\/www.coquard.fr\/en\/wp-json\/wp\/v2\/media?parent=72823"}],"wp:term":[{"taxonomy":"product_brand","embeddable":true,"href":"https:\/\/www.coquard.fr\/en\/wp-json\/wp\/v2\/product_brand?post=72823"},{"taxonomy":"product_cat","embeddable":true,"href":"https:\/\/www.coquard.fr\/en\/wp-json\/wp\/v2\/product_cat?post=72823"},{"taxonomy":"product_tag","embeddable":true,"href":"https:\/\/www.coquard.fr\/en\/wp-json\/wp\/v2\/product_tag?post=72823"}],"curies":[{"name":"wp","href":"https:\/\/api.w.org\/{rel}","templated":true}]}}