{"id":68321,"date":"2025-05-14T14:06:15","date_gmt":"2025-05-14T12:06:15","guid":{"rendered":"https:\/\/www.coquard.fr\/produit\/bouchon-robinet-dia-61-pour-lessives"},"modified":"2026-04-01T21:17:19","modified_gmt":"2026-04-01T19:17:19","slug":"bouchon-robinet-dia-61-pour-lessives","status":"publish","type":"product","link":"https:\/\/www.coquard.fr\/en\/produit\/bouchon-robinet-dia-61-pour-lessives","title":{"rendered":"BOUCHON ROBINET DIA 61 POUR LESSIVES"},"content":{"rendered":"<p>Bouchon adapt\u00e9 au soutirage de jerricans de 10, 20 ou 30L \u00e9quip\u00e9s de bouchon de \u00d861, filetage large S60x6. Poly\u00e9thyl\u00e8ne r\u00e9sistant aux produits chimiques, alcalins, acides, chlore. Bouchon robinet en une seule pi\u00e8ce, aspire de l\u2019air dans le bidon en m\u00eame temps que vous soutirez. Embout rouge de \u00d822\/19mm.<\/p>\n","protected":false},"excerpt":{"rendered":"<p>68321<\/p>\n","protected":false},"featured_media":68330,"comment_status":"closed","ping_status":"closed","template":"","meta":{"_acf_changed":false},"product_brand":[],"product_cat":[1455],"product_tag":[],"class_list":{"0":"post-68321","1":"product","2":"type-product","3":"status-publish","4":"has-post-thumbnail","6":"product_cat-hygiene-and-cleaning-products","8":"first","9":"instock","10":"taxable","11":"shipping-taxable","12":"purchasable","13":"product-type-simple"},"acf":[],"_links":{"self":[{"href":"https:\/\/www.coquard.fr\/en\/wp-json\/wp\/v2\/product\/68321","targetHints":{"allow":["GET"]}}],"collection":[{"href":"https:\/\/www.coquard.fr\/en\/wp-json\/wp\/v2\/product"}],"about":[{"href":"https:\/\/www.coquard.fr\/en\/wp-json\/wp\/v2\/types\/product"}],"replies":[{"embeddable":true,"href":"https:\/\/www.coquard.fr\/en\/wp-json\/wp\/v2\/comments?post=68321"}],"wp:featuredmedia":[{"embeddable":true,"href":"https:\/\/www.coquard.fr\/en\/wp-json\/wp\/v2\/media\/68330"}],"wp:attachment":[{"href":"https:\/\/www.coquard.fr\/en\/wp-json\/wp\/v2\/media?parent=68321"}],"wp:term":[{"taxonomy":"product_brand","embeddable":true,"href":"https:\/\/www.coquard.fr\/en\/wp-json\/wp\/v2\/product_brand?post=68321"},{"taxonomy":"product_cat","embeddable":true,"href":"https:\/\/www.coquard.fr\/en\/wp-json\/wp\/v2\/product_cat?post=68321"},{"taxonomy":"product_tag","embeddable":true,"href":"https:\/\/www.coquard.fr\/en\/wp-json\/wp\/v2\/product_tag?post=68321"}],"curies":[{"name":"wp","href":"https:\/\/api.w.org\/{rel}","templated":true}]}}