{"id":64167,"date":"2024-12-26T16:56:05","date_gmt":"2024-12-26T15:56:05","guid":{"rendered":"https:\/\/www.coquard.fr\/produit\/plate-forme-cuve-300-litres-pasteurisateur-et-fromagere"},"modified":"2026-04-06T21:13:39","modified_gmt":"2026-04-06T19:13:39","slug":"plate-forme-cuve-300-litres-pasteurisateur-et-fromagere","status":"publish","type":"product","link":"https:\/\/www.coquard.fr\/en\/produit\/plate-forme-cuve-300-litres-pasteurisateur-et-fromagere","title":{"rendered":"PLATE FORME POUR CUVE 300 LITRES"},"content":{"rendered":"<p>Plate-forme pour les cuves de pasteurisation ou fromag\u00e8re de 300 litres.<br \/>\nPermet de sur\u00e9lever la cuve pour effectuer le moulage par gravit\u00e9. Le ch\u00e2ssis est en inox et la plate forme op\u00e9rateur en aluminium stri\u00e9. Choix de l&#8217;escalier et de l&#8217;emplacement du garde corps \u00e0 valider sur plan ( escalier et garde corps non inclus dans le prix ). Dimensions : 1680 mm x 920 mm x hauteur : 750 mm. Port\u00e9e 650 kg. Livr\u00e9e avec 4 pieds r\u00e9glables.<br \/>\nPlateforme ouverte sous la cuve pour faciliter le nettoyage et l&#8217;entretien.                       <\/p>\n","protected":false},"excerpt":{"rendered":"<p>64167<\/p>\n","protected":false},"featured_media":64176,"comment_status":"closed","ping_status":"closed","template":"","meta":{"_acf_changed":false},"product_brand":[],"product_cat":[1498],"product_tag":[],"class_list":{"0":"post-64167","1":"product","2":"type-product","3":"status-publish","4":"has-post-thumbnail","6":"product_cat-cheese-vats","8":"first","9":"instock","10":"taxable","11":"shipping-taxable","12":"purchasable","13":"product-type-simple"},"acf":[],"_links":{"self":[{"href":"https:\/\/www.coquard.fr\/en\/wp-json\/wp\/v2\/product\/64167","targetHints":{"allow":["GET"]}}],"collection":[{"href":"https:\/\/www.coquard.fr\/en\/wp-json\/wp\/v2\/product"}],"about":[{"href":"https:\/\/www.coquard.fr\/en\/wp-json\/wp\/v2\/types\/product"}],"replies":[{"embeddable":true,"href":"https:\/\/www.coquard.fr\/en\/wp-json\/wp\/v2\/comments?post=64167"}],"wp:featuredmedia":[{"embeddable":true,"href":"https:\/\/www.coquard.fr\/en\/wp-json\/wp\/v2\/media\/64176"}],"wp:attachment":[{"href":"https:\/\/www.coquard.fr\/en\/wp-json\/wp\/v2\/media?parent=64167"}],"wp:term":[{"taxonomy":"product_brand","embeddable":true,"href":"https:\/\/www.coquard.fr\/en\/wp-json\/wp\/v2\/product_brand?post=64167"},{"taxonomy":"product_cat","embeddable":true,"href":"https:\/\/www.coquard.fr\/en\/wp-json\/wp\/v2\/product_cat?post=64167"},{"taxonomy":"product_tag","embeddable":true,"href":"https:\/\/www.coquard.fr\/en\/wp-json\/wp\/v2\/product_tag?post=64167"}],"curies":[{"name":"wp","href":"https:\/\/api.w.org\/{rel}","templated":true}]}}