{"id":64164,"date":"2024-12-26T16:55:45","date_gmt":"2024-12-26T15:55:45","guid":{"rendered":"https:\/\/www.coquard.fr\/produit\/plate-forme-cuve-200-litres-pasteurisateur-et-fromagere"},"modified":"2026-04-06T21:13:35","modified_gmt":"2026-04-06T19:13:35","slug":"plate-forme-cuve-200-litres-pasteurisateur-et-fromagere","status":"publish","type":"product","link":"https:\/\/www.coquard.fr\/en\/produit\/plate-forme-cuve-200-litres-pasteurisateur-et-fromagere","title":{"rendered":"PLATE FORME POUR CUVE 200 LITRES"},"content":{"rendered":"<p>Plate-forme pour les cuves de pasteurisation ou fromag\u00e8re de 200 litres.<br \/>\nPermet de sur\u00e9lever la cuve pour effectuer le moulage par gravit\u00e9. Le ch\u00e2ssis est en inox et la plate forme op\u00e9rateur en aluminium stri\u00e9. Choix de l&#8217;escalier et de l&#8217;emplacement du garde corps \u00e0 valider sur plan  (escalier et garde-corps non inclus dans le prix ). Dimensions :  1550 mm x 720  mm x hauteur : 750 mm. Port\u00e9e 350 kg. Livr\u00e9e avec 4 pieds r\u00e9glables.<br \/>\nPlateforme ouverte sous la cuve pour faciliter le nettoyage et l&#8217;entretien.<\/p>\n","protected":false},"excerpt":{"rendered":"<p>64164<\/p>\n","protected":false},"featured_media":64173,"comment_status":"closed","ping_status":"closed","template":"","meta":{"_acf_changed":false},"product_brand":[],"product_cat":[1498],"product_tag":[],"class_list":{"0":"post-64164","1":"product","2":"type-product","3":"status-publish","4":"has-post-thumbnail","6":"product_cat-cheese-vats","8":"first","9":"onbackorder","10":"taxable","11":"shipping-taxable","12":"purchasable","13":"product-type-simple"},"acf":[],"_links":{"self":[{"href":"https:\/\/www.coquard.fr\/en\/wp-json\/wp\/v2\/product\/64164","targetHints":{"allow":["GET"]}}],"collection":[{"href":"https:\/\/www.coquard.fr\/en\/wp-json\/wp\/v2\/product"}],"about":[{"href":"https:\/\/www.coquard.fr\/en\/wp-json\/wp\/v2\/types\/product"}],"replies":[{"embeddable":true,"href":"https:\/\/www.coquard.fr\/en\/wp-json\/wp\/v2\/comments?post=64164"}],"wp:featuredmedia":[{"embeddable":true,"href":"https:\/\/www.coquard.fr\/en\/wp-json\/wp\/v2\/media\/64173"}],"wp:attachment":[{"href":"https:\/\/www.coquard.fr\/en\/wp-json\/wp\/v2\/media?parent=64164"}],"wp:term":[{"taxonomy":"product_brand","embeddable":true,"href":"https:\/\/www.coquard.fr\/en\/wp-json\/wp\/v2\/product_brand?post=64164"},{"taxonomy":"product_cat","embeddable":true,"href":"https:\/\/www.coquard.fr\/en\/wp-json\/wp\/v2\/product_cat?post=64164"},{"taxonomy":"product_tag","embeddable":true,"href":"https:\/\/www.coquard.fr\/en\/wp-json\/wp\/v2\/product_tag?post=64164"}],"curies":[{"name":"wp","href":"https:\/\/api.w.org\/{rel}","templated":true}]}}