{"id":63873,"date":"2024-12-17T16:08:50","date_gmt":"2024-12-17T15:08:50","guid":{"rendered":"https:\/\/www.coquard.fr\/produit\/y-258-a-5-uc-lyophilise"},"modified":"2026-01-08T14:24:41","modified_gmt":"2026-01-08T13:24:41","slug":"y-258-a-5-uc-lyophilise","status":"publish","type":"product","link":"https:\/\/www.coquard.fr\/en\/produit\/y-258-a-5-uc-lyophilise","title":{"rendered":"Y 258 A &#8211; 5 UC LYOPHILISE"},"content":{"rendered":"<p>Gamme SACCO. Ferments lactiques lyophilis\u00e9s thermophiles pour yaourts. Souche rapide pour yaourt doux. M\u00e9lange de souches de Lactobacillus Bulgaricus (LB) et de Streptococcus thermophilus (ST). Ferment \u00e0 ensemencement direct. Un sachet 5UC permet d&#8217;ensemencer 250 litres de lait pasteuris\u00e9. Tarif pour un sachet.                          <\/p>\n","protected":false},"excerpt":{"rendered":"<p>63873<\/p>\n","protected":false},"featured_media":63876,"comment_status":"closed","ping_status":"closed","template":"","meta":{"_acf_changed":false},"product_brand":[],"product_cat":[1554],"product_tag":[],"class_list":{"0":"post-63873","1":"product","2":"type-product","3":"status-publish","4":"has-post-thumbnail","6":"product_cat-csl-lactic-and-ripening-cultures","8":"first","9":"instock","10":"taxable","11":"shipping-taxable","12":"purchasable","13":"product-type-simple"},"acf":[],"_links":{"self":[{"href":"https:\/\/www.coquard.fr\/en\/wp-json\/wp\/v2\/product\/63873","targetHints":{"allow":["GET"]}}],"collection":[{"href":"https:\/\/www.coquard.fr\/en\/wp-json\/wp\/v2\/product"}],"about":[{"href":"https:\/\/www.coquard.fr\/en\/wp-json\/wp\/v2\/types\/product"}],"replies":[{"embeddable":true,"href":"https:\/\/www.coquard.fr\/en\/wp-json\/wp\/v2\/comments?post=63873"}],"wp:featuredmedia":[{"embeddable":true,"href":"https:\/\/www.coquard.fr\/en\/wp-json\/wp\/v2\/media\/63876"}],"wp:attachment":[{"href":"https:\/\/www.coquard.fr\/en\/wp-json\/wp\/v2\/media?parent=63873"}],"wp:term":[{"taxonomy":"product_brand","embeddable":true,"href":"https:\/\/www.coquard.fr\/en\/wp-json\/wp\/v2\/product_brand?post=63873"},{"taxonomy":"product_cat","embeddable":true,"href":"https:\/\/www.coquard.fr\/en\/wp-json\/wp\/v2\/product_cat?post=63873"},{"taxonomy":"product_tag","embeddable":true,"href":"https:\/\/www.coquard.fr\/en\/wp-json\/wp\/v2\/product_tag?post=63873"}],"curies":[{"name":"wp","href":"https:\/\/api.w.org\/{rel}","templated":true}]}}