{"id":63866,"date":"2024-12-17T15:15:02","date_gmt":"2024-12-17T14:15:02","guid":{"rendered":"https:\/\/www.coquard.fr\/produit\/mt-096-fen-5-uc-lyophilise"},"modified":"2026-01-08T14:25:44","modified_gmt":"2026-01-08T13:25:44","slug":"mt-096-fen-5-uc-lyophilise","status":"publish","type":"product","link":"https:\/\/www.coquard.fr\/en\/produit\/mt-096-fen-5-uc-lyophilise","title":{"rendered":"MT 096 FEN &#8211; 5 UC LYOPHILISE"},"content":{"rendered":"<p>Gamme SACCO, m\u00e9lange de ferments lactiques thermophiles et m\u00e9sophiles lyophilis\u00e9s pour la fabrication de p\u00e2te press\u00e9e et p\u00e2te cuite. Composition : Streptococcus thermophilus, Lactobacillus delbrueckii et helveticus, Lactococcus lactis. Dosage recommand\u00e9 : 1 sachet de 5 UC permet d&#8217;ensemencer 1000 litres de lait. Prix au sachet.<\/p>\n","protected":false},"excerpt":{"rendered":"<p>63866<\/p>\n","protected":false},"featured_media":63869,"comment_status":"closed","ping_status":"closed","template":"","meta":{"_acf_changed":false},"product_brand":[],"product_cat":[1554],"product_tag":[],"class_list":{"0":"post-63866","1":"product","2":"type-product","3":"status-publish","4":"has-post-thumbnail","6":"product_cat-csl-lactic-and-ripening-cultures","8":"first","9":"instock","10":"taxable","11":"shipping-taxable","12":"purchasable","13":"product-type-simple"},"acf":[],"_links":{"self":[{"href":"https:\/\/www.coquard.fr\/en\/wp-json\/wp\/v2\/product\/63866","targetHints":{"allow":["GET"]}}],"collection":[{"href":"https:\/\/www.coquard.fr\/en\/wp-json\/wp\/v2\/product"}],"about":[{"href":"https:\/\/www.coquard.fr\/en\/wp-json\/wp\/v2\/types\/product"}],"replies":[{"embeddable":true,"href":"https:\/\/www.coquard.fr\/en\/wp-json\/wp\/v2\/comments?post=63866"}],"wp:featuredmedia":[{"embeddable":true,"href":"https:\/\/www.coquard.fr\/en\/wp-json\/wp\/v2\/media\/63869"}],"wp:attachment":[{"href":"https:\/\/www.coquard.fr\/en\/wp-json\/wp\/v2\/media?parent=63866"}],"wp:term":[{"taxonomy":"product_brand","embeddable":true,"href":"https:\/\/www.coquard.fr\/en\/wp-json\/wp\/v2\/product_brand?post=63866"},{"taxonomy":"product_cat","embeddable":true,"href":"https:\/\/www.coquard.fr\/en\/wp-json\/wp\/v2\/product_cat?post=63866"},{"taxonomy":"product_tag","embeddable":true,"href":"https:\/\/www.coquard.fr\/en\/wp-json\/wp\/v2\/product_tag?post=63866"}],"curies":[{"name":"wp","href":"https:\/\/api.w.org\/{rel}","templated":true}]}}