{"id":63863,"date":"2024-12-17T14:05:56","date_gmt":"2024-12-17T13:05:56","guid":{"rendered":"https:\/\/www.coquard.fr\/produit\/yhl-092-f-5-uc-lyophilise"},"modified":"2026-01-08T14:25:28","modified_gmt":"2026-01-08T13:25:28","slug":"yhl-092-f-5-uc-lyophilise","status":"publish","type":"product","link":"https:\/\/www.coquard.fr\/en\/produit\/yhl-092-f-5-uc-lyophilise","title":{"rendered":"YHL 092 F &#8211; 5 UC LYOPHILISE"},"content":{"rendered":"<p>Gamme SACCO, ferment lactique thermophile lyophilis\u00e9 pour la fabrication de p\u00e2te press\u00e9e et p\u00e2te cuite. Composition : Streptococcus thermophilus, Lactobacillus delbrueckii et helveticus. Dosage recommand\u00e9 : 1 sachet de 5 UC permet d&#8217;ensemencer 500 litres de lait. Prix au sachet.<\/p>\n","protected":false},"excerpt":{"rendered":"<p>63863<\/p>\n","protected":false},"featured_media":63859,"comment_status":"closed","ping_status":"closed","template":"","meta":{"_acf_changed":false},"product_brand":[],"product_cat":[1554],"product_tag":[],"class_list":{"0":"post-63863","1":"product","2":"type-product","3":"status-publish","4":"has-post-thumbnail","6":"product_cat-csl-lactic-and-ripening-cultures","8":"first","9":"instock","10":"taxable","11":"shipping-taxable","12":"purchasable","13":"product-type-simple"},"acf":[],"_links":{"self":[{"href":"https:\/\/www.coquard.fr\/en\/wp-json\/wp\/v2\/product\/63863","targetHints":{"allow":["GET"]}}],"collection":[{"href":"https:\/\/www.coquard.fr\/en\/wp-json\/wp\/v2\/product"}],"about":[{"href":"https:\/\/www.coquard.fr\/en\/wp-json\/wp\/v2\/types\/product"}],"replies":[{"embeddable":true,"href":"https:\/\/www.coquard.fr\/en\/wp-json\/wp\/v2\/comments?post=63863"}],"wp:featuredmedia":[{"embeddable":true,"href":"https:\/\/www.coquard.fr\/en\/wp-json\/wp\/v2\/media\/63859"}],"wp:attachment":[{"href":"https:\/\/www.coquard.fr\/en\/wp-json\/wp\/v2\/media?parent=63863"}],"wp:term":[{"taxonomy":"product_brand","embeddable":true,"href":"https:\/\/www.coquard.fr\/en\/wp-json\/wp\/v2\/product_brand?post=63863"},{"taxonomy":"product_cat","embeddable":true,"href":"https:\/\/www.coquard.fr\/en\/wp-json\/wp\/v2\/product_cat?post=63863"},{"taxonomy":"product_tag","embeddable":true,"href":"https:\/\/www.coquard.fr\/en\/wp-json\/wp\/v2\/product_tag?post=63863"}],"curies":[{"name":"wp","href":"https:\/\/api.w.org\/{rel}","templated":true}]}}