{"id":63726,"date":"2024-12-10T15:16:50","date_gmt":"2024-12-10T14:16:50","guid":{"rendered":"https:\/\/www.coquard.fr\/produit\/mwo-046-10uc-lyophilise"},"modified":"2026-01-08T14:23:39","modified_gmt":"2026-01-08T13:23:39","slug":"mwo-046-10uc-lyophilise","status":"publish","type":"product","link":"https:\/\/www.coquard.fr\/en\/produit\/mwo-046-10uc-lyophilise","title":{"rendered":"MWO 046 \u2013 10UC LYOPHILISE"},"content":{"rendered":"<p>Gamme SACCO, ferment lactique m\u00e9sophile lyophilis\u00e9 homofermentaire. Composition : Lactococcus lactis et Lactococcus cremoris. Utilisation : p\u00e2te press\u00e9e, p\u00e2te molle, fromage frais. Dosage recommand\u00e9: 1 sachet de 10 doses permet d&#8217;ensemencer 500 \u00e0 1000 litres de lait. Vendu au sachet.                   <\/p>\n","protected":false},"excerpt":{"rendered":"<p>63726<\/p>\n","protected":false},"featured_media":63729,"comment_status":"closed","ping_status":"closed","template":"","meta":{"_acf_changed":false},"product_brand":[],"product_cat":[1554],"product_tag":[],"class_list":{"0":"post-63726","1":"product","2":"type-product","3":"status-publish","4":"has-post-thumbnail","6":"product_cat-csl-lactic-and-ripening-cultures","8":"first","9":"instock","10":"taxable","11":"shipping-taxable","12":"purchasable","13":"product-type-simple"},"acf":[],"_links":{"self":[{"href":"https:\/\/www.coquard.fr\/en\/wp-json\/wp\/v2\/product\/63726","targetHints":{"allow":["GET"]}}],"collection":[{"href":"https:\/\/www.coquard.fr\/en\/wp-json\/wp\/v2\/product"}],"about":[{"href":"https:\/\/www.coquard.fr\/en\/wp-json\/wp\/v2\/types\/product"}],"replies":[{"embeddable":true,"href":"https:\/\/www.coquard.fr\/en\/wp-json\/wp\/v2\/comments?post=63726"}],"wp:featuredmedia":[{"embeddable":true,"href":"https:\/\/www.coquard.fr\/en\/wp-json\/wp\/v2\/media\/63729"}],"wp:attachment":[{"href":"https:\/\/www.coquard.fr\/en\/wp-json\/wp\/v2\/media?parent=63726"}],"wp:term":[{"taxonomy":"product_brand","embeddable":true,"href":"https:\/\/www.coquard.fr\/en\/wp-json\/wp\/v2\/product_brand?post=63726"},{"taxonomy":"product_cat","embeddable":true,"href":"https:\/\/www.coquard.fr\/en\/wp-json\/wp\/v2\/product_cat?post=63726"},{"taxonomy":"product_tag","embeddable":true,"href":"https:\/\/www.coquard.fr\/en\/wp-json\/wp\/v2\/product_tag?post=63726"}],"curies":[{"name":"wp","href":"https:\/\/api.w.org\/{rel}","templated":true}]}}